{"id":18,"date":"2024-07-28T18:55:10","date_gmt":"2024-07-28T18:55:10","guid":{"rendered":"https:\/\/supatips.org\/?page_id=18"},"modified":"2024-12-05T22:24:21","modified_gmt":"2024-12-05T22:24:21","slug":"soccervital-free-football-predictions-and-tips","status":"publish","type":"page","link":"https:\/\/supatips.org\/de\/","title":{"rendered":"SupaTipps: Fu\u00dfball Vorhersagen"},"content":{"rendered":"<!-- Container for the iframe and loader -->\n    <div id=\"iframe-container\" style=\"position: relative; width: 100%;\">\n\n        <!-- Loading Bar -->\n        <div id=\"loader\" style=\"position: absolute; top: 0; left: 0; width: 100%; height: 100%; background-color: rgba(255, 255, 255, 0.9); display: flex; justify-content: center; align-items: center; flex-direction: column;\">\n            <div id=\"loader-bar\" style=\"width: 80%; height: 20px; background-color: #e0e0e0; border-radius: 10px; overflow: hidden; margin-bottom: 10px;\">\n                <div id=\"loader-progress\" style=\"width: 0%; height: 100%; background-color: #007bff;\"><\/div>\n            <\/div>\n            <p id=\"loader-text\" style=\"font-size: 16px; color: #333;\">Spiele laden... <span id=\"countdown\">5<\/span> sec<\/p>\n        <\/div>\n\n        <!-- iFrame with the table -->\n        <iframe loading=\"lazy\" id=\"football-predictions-iframe\" src=\"https:\/\/soccervital.org\/full\/\" width=\"100%\" height=\"800\" frameborder=\"0\" scrolling=\"no\"><\/iframe>\n    <\/div>\n\n    <script>\n    \/\/ Function for the loader\n    document.addEventListener('DOMContentLoaded', function() {\n        var iframe = document.getElementById('football-predictions-iframe');\n        var loader = document.getElementById('loader');\n        var countdownElement = document.getElementById('countdown');\n        var loaderProgress = document.getElementById('loader-progress');\n        var countdown = 5; \/\/ Number of seconds for the countdown\n        var progress = 0; \/\/ Progress percentage\n\n        \/\/ Countdown timer\n        var countdownInterval = setInterval(function() {\n            countdown--;\n            progress += 20; \/\/ Since we have 5 seconds, we increase by 20% each second\n            countdownElement.textContent = countdown;\n            loaderProgress.style.width = progress + '%';\n\n            if (countdown <= 0) {\n                clearInterval(countdownInterval);\n            }\n        }, 1000);\n\n        \/\/ Function to hide the loader\n        function hideLoader() {\n            if (loader) {\n                loader.style.display = 'none';\n            }\n            clearInterval(countdownInterval);\n        }\n\n        \/\/ Hide the loader when the iframe is loaded\n        iframe.onload = function() {\n            hideLoader();\n        };\n\n        \/\/ Hide the loader after 5 seconds, if the iframe hasn't loaded yet\n        setTimeout(function() {\n            hideLoader();\n        }, 5000);\n    });\n    <\/script>\n    \n\n\n\n<h1 class=\"wp-block-heading\" id=\"h-supatips-football-predictions-and-tips\">Supatips: Fu\u00dfball Vorhersagen und Tipps<\/h1>\n\n\n\n<h2 class=\"wp-block-heading\">Alles, was Sie \u00fcber Fu\u00dfballwetten wissen m\u00fcssen<\/h2>\n\n\n\n<p>Mit Hilfe der Informationen in diesem Abschnitt k\u00f6nnen Sie herausfinden, was Fu\u00dfballwetten wirklich sind. Das verf\u00fcgbare Material wurde sorgf\u00e4ltig ausgearbeitet, damit die Besucher die ehrlichsten und vollst\u00e4ndigsten Informationen \u00fcber Fu\u00dfballwetten erhalten. Dank dieser Sektion k\u00f6nnen Sie das Studium des Buchmachermarktes und der Nachrichten aus der Welt der Wetten erheblich vereinfachen.<\/p>\n\n\n\n<p>Es ist viel profitabler, sich \u00fcber Fu\u00dfballwetten auf einer bew\u00e4hrten und zuverl\u00e4ssigen Website zu informieren. SupaTips bem\u00fcht sich, maximale Anstrengungen zu unternehmen, damit unsere Kunden die Ressource gerne nutzen. Alle verf\u00fcgbaren Informationen sind verifiziert und zuverl\u00e4ssig, und es wird eine st\u00e4ndige \u00dcberwachung von \u00c4nderungen durchgef\u00fchrt, so dass wir die neuesten Informationen zur Verf\u00fcgung stellen k\u00f6nnen.<\/p>\n\n\n\n<p>N\u00fctzliche und wichtige Informationen \u00fcber Buchmacher im Fu\u00dfball machen das Wetten einfacher und profitabler f\u00fcr alle Spieler. SupaTips unternimmt alle Anstrengungen und M\u00f6glichkeiten, um sicherzustellen, dass Sie alle notwendigen Informationen \u00fcber Sportwetten bei legalen Buchmachern erhalten.<\/p>\n\n\n\n<figure class=\"wp-block-image size-full\"><img loading=\"lazy\" decoding=\"async\" width=\"370\" height=\"230\" src=\"https:\/\/supatips.org\/wp-content\/uploads\/2024\/12\/image.png\" alt=\"Supatips: Fu\u00dfball Vorhersagen und Tipps\" class=\"wp-image-145\" srcset=\"https:\/\/supatips.org\/wp-content\/uploads\/2024\/12\/image.png 370w, https:\/\/supatips.org\/wp-content\/uploads\/2024\/12\/image-300x186.png 300w, https:\/\/supatips.org\/wp-content\/uploads\/2024\/12\/image-18x12.png 18w, https:\/\/supatips.org\/wp-content\/uploads\/2024\/12\/image-64x40.png 64w, https:\/\/supatips.org\/wp-content\/uploads\/2024\/12\/image-51x32.png 51w, https:\/\/supatips.org\/wp-content\/uploads\/2024\/12\/image-113x70.png 113w, https:\/\/supatips.org\/wp-content\/uploads\/2024\/12\/image-129x80.png 129w, https:\/\/supatips.org\/wp-content\/uploads\/2024\/12\/image-217x135.png 217w\" sizes=\"auto, (max-width: 370px) 100vw, 370px\" \/><\/figure>\n\n\n\n<h2 class=\"wp-block-heading\" id=\"h-how-are-football-matches-analyzed\">Wie werden Fu\u00dfballspiele analysiert?<\/h2>\n\n\n\n<p>Die meisten Fans glauben, dass sie sich im Sport gut auskennen und selbst\u00e4ndig berechnen k\u00f6nnen, wer das n\u00e4chste Fu\u00dfballspiel gewinnen wird. Aber Fu\u00dfball zu analysieren ist nicht so einfach, wie es scheint. Deshalb sind Sportprognosen von professionellen Analysten so wertvoll.<\/p>\n\n\n\n<p>Es ist fast unm\u00f6glich, eine absolut genaue Fu\u00dfballvorhersage zu treffen - der Ausgang des Spiels wird von vielen Faktoren beeinflusst. Es kommt oft vor, dass der Au\u00dfenseiter unerwartet gewinnt. Dies wird durch das Wetter, die Erfahrung der Spieler und die Spannung des vorherigen Spiels beeinflusst.<\/p>\n\n\n\n<p>SupaTips bietet professionelle Prognosen, die nicht nur von Experten, sondern oft auch von ber\u00fchmten Sportlern, Kommentatoren oder bekannten Bloggern abgegeben werden. Sie tun dies nicht als Spezialisten, sondern geben einfach ihre Meinung wieder. Ein professioneller Fu\u00dfballanalyst hingegen f\u00fchrt eine detaillierte Studie durch, um die Qualit\u00e4t des Spielausgangs aufzuzeigen.<\/p>\n\n\n\n<p>Fu\u00dfballvorhersagen von Profis werden auf zwei Arten erstellt: auf der Grundlage von Statistiken oder Analysen. Im ersten Fall kann die Gewinnwahrscheinlichkeit im Vergleich zu den Ergebnissen fr\u00fcherer Spiele der Mannschaft oder einzelner Spieler gesch\u00e4tzt werden, was oft mit Hilfe spezieller Programme geschieht.<\/p>\n\n\n\n<p>Der Ausgang eines Fu\u00dfballspiels wird durch folgende Faktoren beeinflusst:<\/p>\n\n\n\n<ol class=\"wp-block-list\">\n<li>Ihr eigenes oder ein fremdes Feld, auf dem das Spiel stattfindet.<\/li>\n\n\n\n<li>K\u00f6rperliche Vorbereitung der einzelnen Spieler, insbesondere der Schl\u00fcsselspieler.<\/li>\n\n\n\n<li>J\u00fcngste Ereignisse, die den Zustand des Teams beeinflusst haben k\u00f6nnten.<\/li>\n\n\n\n<li>Spieler der Mannschaft, die sich in letzter Zeit verletzt haben.<\/li>\n\n\n\n<li>Wie lange spielt die Mannschaft schon, wie lange ist die Pause zwischen den Spielen?<\/li>\n<\/ol>\n\n\n\n<p>Die zweite Methode zur Vorhersage von Wetten besteht im Studium dieser Daten. Die analytische Berechnung sollte nur von erfahrenen Meistern durchgef\u00fchrt werden, die sich gut mit Fu\u00dfball auskennen. Es ist notwendig, sich nicht nur auf Statistiken zu st\u00fctzen, sondern auch auf Fakten, aktuelle Ereignisse und Informationen \u00fcber die Mannschaft. Die Ergebnisse der Analyse sind im Vergleich zu statistischen Studien genauer.<\/p>\n\n\n\n<h2 class=\"wp-block-heading\" id=\"h-advantages-of-supatips\">Vorteile von Supatips<\/h2>\n\n\n\n<ul class=\"wp-block-list\">\n<li>Die meisten professionellen Prognosen sind kostenpflichtig, und um auf sie zuzugreifen, m\u00fcssen Sie ein Abonnement abschlie\u00dfen oder ein spezielles Abonnement kaufen. Mit SupaTips k\u00f6nnen Sie kostenlose Prognosen ohne Zugangsbeschr\u00e4nkungen einsehen.<\/li>\n\n\n\n<li><strong>Professionalit\u00e4t.<\/strong>\u00a0Alle Vorhersagen werden von Spezialisten und erfahrenen Analysten erstellt, die alle Faktoren, die ein Fu\u00dfballspiel beeinflussen k\u00f6nnen, im Detail untersuchen. Die Expertise von SupaTips erh\u00f6ht die Wahrscheinlichkeit, dass Sie Ihre Wette mehrfach gewinnen.<\/li>\n\n\n\n<li><strong>Theoretische Informationen.<\/strong>\u00a0Hier finden Sie eine Menge interessanter und n\u00fctzlicher Informationen. Zus\u00e4tzlich zu den kostenlosen Sportprognosen k\u00f6nnen Sie sich mit theoretischen Daten vertraut machen, die Ihnen helfen werden, Spiele selbst zu analysieren.<\/li>\n\n\n\n<li><strong>Lokale und weltweite Wettk\u00e4mpfe.<\/strong>\u00a0Wir analysieren die Spiele der ukrainischen Mannschaften und die Ergebnisse verschiedener Weltmeisterschaften.<\/li>\n<\/ul>\n\n\n\n<p>Wir ber\u00fccksichtigen alle Faktoren, die helfen, die genauesten Ergebnisse der Fu\u00dfballspiele f\u00fcr heute zu bilden. Kostenlose Prognosen von SupaTips werden der Schl\u00fcssel zu Ihrem Wettsieg sein. Jeder Wettende kann sicher sein, dass er hier Qualit\u00e4tsinformationen erh\u00e4lt, die die Wette erfolgreicher machen und Ihnen helfen, mehr Einkommen zu erzielen.<\/p>\n\n\n\n<p>Die Bewertung von Seiten mit Sportprognosen dient der Informationsentfaltung von Nutzern, die sich f\u00fcr aktuelle Angebote von Prognostikern interessieren oder sich selbst an der Erstellung und dem Verkauf eigener analytischer Berechnungen versuchen wollen.<\/p>\n\n\n\n<h2 class=\"wp-block-heading\">Wozu dienen die Vorhersageseiten?<\/h2>\n\n\n\n<p>Erfahrene Spieler und Neulinge auf dem Gebiet der Sportwetten sind auf der Suche nach bezahlten und kostenlosen Prognosen mit Begr\u00fcndungen. Die Hauptfrage, die jeden Wettenden interessiert, ist, wo man eine Sportvorhersageseite findet, die eine detaillierte Begr\u00fcndung liefert, regelm\u00e4\u00dfig neue Analysen ver\u00f6ffentlicht, eine positive Dynamik zeigt und keine Statistiken korrigiert.<\/p>\n\n\n\n<p>Der Bedarf an solchen Websites f\u00fcr Anf\u00e4nger ergibt sich aus der Notwendigkeit, sich mit den Regeln f\u00fcr die Erstellung von Prognosen und der Auswahl von Bewertungskriterien eingehender vertraut zu machen. Eine weitere M\u00f6glichkeit, kostenpflichtige und kostenlose Analysen zu nutzen, besteht darin, einen erfolgreichen Capper zu w\u00e4hlen und sich strikt an seine Tarife zu halten, um einen garantierten Gewinn \u00fcber eine lange Strecke zu erzielen.<\/p>\n\n\n\n<h2 class=\"wp-block-heading\">Anzeichen und Ursachen von Betrug<\/h2>\n\n\n\n<p>Die Statistikanpassung ist die gr\u00f6\u00dfte Gei\u00dfel solcher Ressourcen. Skrupellose Capper-Teams machen sich die Tatsache zunutze, dass die Besucher keine M\u00f6glichkeit haben, die Ver\u00f6ffentlichungen auf der Website und die Beitr\u00e4ge in den sozialen Netzwerken zu kommentieren. Das Blockieren von Feedback ist eines der ersten Anzeichen f\u00fcr Betrug. Sportvorhersageseiten, die nichts zu verbergen haben, sperren niemals Kommentare. Dies geschieht, um potenzielle Kunden in die Irre zu f\u00fchren, denen niemand in der Lage ist, wahrheitsgem\u00e4\u00dfe Informationen zu geben.<\/p>\n\n\n\n<p>Wir haben die Rolle eines Schiedsrichters \u00fcbernommen und f\u00fcr Sie Seiten mit bezahlten und kostenlosen Sportprognosen ausgew\u00e4hlt, die den besten Ruf haben und nicht durch Betrug aufgefallen sind. Auf den Seiten dieser Ressourcen findet jeder etwas nach seinem Geschmack - die M\u00f6glichkeit, die Meinungen anderer Spieler zum Spiel, Prognosen von Profis, statistische Daten und n\u00fctzliche Artikel \u00fcber Buchmacher und ihre Regeln zu lesen.<\/p>\n\n\n\n<p>Unser Rating ist kein Werbeprodukt, sondern basiert auf einer realen Studie und der praktischen Nutzung der F\u00e4higkeiten jedes der vorgestellten Dienste. Niemand kann Ihnen einen Gewinn garantieren, aber regelm\u00e4\u00dfige Besuche und sorgf\u00e4ltiges Studium der Seiten aus unserer Bewertung haben einen positiven Einfluss auf das Verhalten der Wettenden w\u00e4hrend des Spiels und auf die Statistik ihrer Ergebnisse.<\/p>","protected":false},"excerpt":{"rendered":"<p>Supatips: Fu\u00dfballvorhersagen und Tipps Alles, was Sie \u00fcber Fu\u00dfballwetten wissen m\u00fcssen Mit Hilfe der Informationen in diesem Abschnitt k\u00f6nnen Sie herausfinden, was Fu\u00dfballwetten wirklich sind. Das verf\u00fcgbare Material wurde sorgf\u00e4ltig ausgearbeitet, damit die Besucher die ehrlichsten und vollst\u00e4ndigsten Informationen \u00fcber Fu\u00dfballwetten erhalten. Dank dem Erscheinen von [...]<\/p>","protected":false},"author":1,"featured_media":0,"parent":0,"menu_order":0,"comment_status":"closed","ping_status":"closed","template":"page-without-title.php","meta":{"footnotes":""},"class_list":["post-18","page","type-page","status-publish","hentry"],"yoast_head":"<!-- This site is optimized with the Yoast SEO Premium plugin v22.2 (Yoast SEO v22.2) - https:\/\/yoast.com\/wordpress\/plugins\/seo\/ -->\n<title>SupaTips: Football Predictions<\/title>\n<meta name=\"description\" content=\"The most accurate football predictions on Supatips for free. Football betting is one of the most popular in the world of betting, because this sport is the most popular.\" \/>\n<meta name=\"robots\" content=\"index, follow, max-snippet:-1, max-image-preview:large, max-video-preview:-1\" \/>\n<link rel=\"canonical\" href=\"https:\/\/supatips.org\/de\/\" \/>\n<meta property=\"og:locale\" content=\"de_DE\" \/>\n<meta property=\"og:type\" content=\"article\" \/>\n<meta property=\"og:title\" content=\"SupaTips: Football Predictions\" \/>\n<meta property=\"og:description\" content=\"The most accurate football predictions on Supatips for free. Football betting is one of the most popular in the world of betting, because this sport is the most popular.\" \/>\n<meta property=\"og:url\" content=\"https:\/\/supatips.org\/de\/\" \/>\n<meta property=\"og:site_name\" content=\"Supatips: Football Predictions\" \/>\n<meta property=\"article:modified_time\" content=\"2024-12-05T22:24:21+00:00\" \/>\n<meta property=\"og:image\" content=\"https:\/\/supatips.org\/wp-content\/uploads\/2024\/12\/image.png\" \/>\n<meta name=\"twitter:card\" content=\"summary_large_image\" \/>\n<meta name=\"twitter:label1\" content=\"Gesch\u00e4tzte Lesezeit\" \/>\n\t<meta name=\"twitter:data1\" content=\"5\u00a0Minuten\" \/>\n<script type=\"application\/ld+json\" class=\"yoast-schema-graph\">{\"@context\":\"https:\/\/schema.org\",\"@graph\":[{\"@type\":\"WebPage\",\"@id\":\"https:\/\/supatips.org\/\",\"url\":\"https:\/\/supatips.org\/\",\"name\":\"SupaTips: Football Predictions\",\"isPartOf\":{\"@id\":\"https:\/\/supatips.org\/#website\"},\"primaryImageOfPage\":{\"@id\":\"https:\/\/supatips.org\/#primaryimage\"},\"image\":{\"@id\":\"https:\/\/supatips.org\/#primaryimage\"},\"thumbnailUrl\":\"https:\/\/supatips.org\/wp-content\/uploads\/2024\/12\/image.png\",\"datePublished\":\"2024-07-28T18:55:10+00:00\",\"dateModified\":\"2024-12-05T22:24:21+00:00\",\"description\":\"The most accurate football predictions on Supatips for free. Football betting is one of the most popular in the world of betting, because this sport is the most popular.\",\"breadcrumb\":{\"@id\":\"https:\/\/supatips.org\/#breadcrumb\"},\"inLanguage\":\"de\",\"potentialAction\":[{\"@type\":\"ReadAction\",\"target\":[\"https:\/\/supatips.org\/\"]}]},{\"@type\":\"ImageObject\",\"inLanguage\":\"de\",\"@id\":\"https:\/\/supatips.org\/#primaryimage\",\"url\":\"https:\/\/supatips.org\/wp-content\/uploads\/2024\/12\/image.png\",\"contentUrl\":\"https:\/\/supatips.org\/wp-content\/uploads\/2024\/12\/image.png\",\"width\":370,\"height\":230},{\"@type\":\"BreadcrumbList\",\"@id\":\"https:\/\/supatips.org\/#breadcrumb\",\"itemListElement\":[{\"@type\":\"ListItem\",\"position\":1,\"name\":\"\u0413\u043b\u0430\u0432\u043d\u0430\u044f \u0441\u0442\u0440\u0430\u043d\u0438\u0446\u0430\",\"item\":\"https:\/\/supatips.org\/\"},{\"@type\":\"ListItem\",\"position\":2,\"name\":\"SupaTips: Football Predictions\"}]},{\"@type\":\"WebSite\",\"@id\":\"https:\/\/supatips.org\/#website\",\"url\":\"https:\/\/supatips.org\/\",\"name\":\"Supatips: Football Predictions\",\"description\":\"The most accurate football predictions on Supatips for free. Football betting is one of the most popular in the world of betting, because this sport is the most popular.\",\"publisher\":{\"@id\":\"https:\/\/supatips.org\/#organization\"},\"potentialAction\":[{\"@type\":\"SearchAction\",\"target\":{\"@type\":\"EntryPoint\",\"urlTemplate\":\"https:\/\/supatips.org\/?s={search_term_string}\"},\"query-input\":\"required name=search_term_string\"}],\"inLanguage\":\"de\"},{\"@type\":\"Organization\",\"@id\":\"https:\/\/supatips.org\/#organization\",\"name\":\"Supatips: Football Predictions\",\"url\":\"https:\/\/supatips.org\/\",\"logo\":{\"@type\":\"ImageObject\",\"inLanguage\":\"de\",\"@id\":\"https:\/\/supatips.org\/#\/schema\/logo\/image\/\",\"url\":\"https:\/\/supatips.org\/wp-content\/uploads\/2024\/12\/videocall.png\",\"contentUrl\":\"https:\/\/supatips.org\/wp-content\/uploads\/2024\/12\/videocall.png\",\"width\":202,\"height\":40,\"caption\":\"Supatips: Football Predictions\"},\"image\":{\"@id\":\"https:\/\/supatips.org\/#\/schema\/logo\/image\/\"}}]}<\/script>\n<!-- \/ Yoast SEO Premium plugin. -->","yoast_head_json":{"title":"SupaTips: Football Predictions","description":"The most accurate football predictions on Supatips for free. Football betting is one of the most popular in the world of betting, because this sport is the most popular.","robots":{"index":"index","follow":"follow","max-snippet":"max-snippet:-1","max-image-preview":"max-image-preview:large","max-video-preview":"max-video-preview:-1"},"canonical":"https:\/\/supatips.org\/de\/","og_locale":"de_DE","og_type":"article","og_title":"SupaTips: Football Predictions","og_description":"The most accurate football predictions on Supatips for free. Football betting is one of the most popular in the world of betting, because this sport is the most popular.","og_url":"https:\/\/supatips.org\/de\/","og_site_name":"Supatips: Football Predictions","article_modified_time":"2024-12-05T22:24:21+00:00","og_image":[{"url":"https:\/\/supatips.org\/wp-content\/uploads\/2024\/12\/image.png"}],"twitter_card":"summary_large_image","twitter_misc":{"Gesch\u00e4tzte Lesezeit":"5\u00a0Minuten"},"schema":{"@context":"https:\/\/schema.org","@graph":[{"@type":"WebPage","@id":"https:\/\/supatips.org\/","url":"https:\/\/supatips.org\/","name":"SupaTips: Football Predictions","isPartOf":{"@id":"https:\/\/supatips.org\/#website"},"primaryImageOfPage":{"@id":"https:\/\/supatips.org\/#primaryimage"},"image":{"@id":"https:\/\/supatips.org\/#primaryimage"},"thumbnailUrl":"https:\/\/supatips.org\/wp-content\/uploads\/2024\/12\/image.png","datePublished":"2024-07-28T18:55:10+00:00","dateModified":"2024-12-05T22:24:21+00:00","description":"The most accurate football predictions on Supatips for free. Football betting is one of the most popular in the world of betting, because this sport is the most popular.","breadcrumb":{"@id":"https:\/\/supatips.org\/#breadcrumb"},"inLanguage":"de","potentialAction":[{"@type":"ReadAction","target":["https:\/\/supatips.org\/"]}]},{"@type":"ImageObject","inLanguage":"de","@id":"https:\/\/supatips.org\/#primaryimage","url":"https:\/\/supatips.org\/wp-content\/uploads\/2024\/12\/image.png","contentUrl":"https:\/\/supatips.org\/wp-content\/uploads\/2024\/12\/image.png","width":370,"height":230},{"@type":"BreadcrumbList","@id":"https:\/\/supatips.org\/#breadcrumb","itemListElement":[{"@type":"ListItem","position":1,"name":"\u0413\u043b\u0430\u0432\u043d\u0430\u044f \u0441\u0442\u0440\u0430\u043d\u0438\u0446\u0430","item":"https:\/\/supatips.org\/"},{"@type":"ListItem","position":2,"name":"SupaTips: Football Predictions"}]},{"@type":"WebSite","@id":"https:\/\/supatips.org\/#website","url":"https:\/\/supatips.org\/","name":"Supatips: Football Predictions","description":"The most accurate football predictions on Supatips for free. Football betting is one of the most popular in the world of betting, because this sport is the most popular.","publisher":{"@id":"https:\/\/supatips.org\/#organization"},"potentialAction":[{"@type":"SearchAction","target":{"@type":"EntryPoint","urlTemplate":"https:\/\/supatips.org\/?s={search_term_string}"},"query-input":"required name=search_term_string"}],"inLanguage":"de"},{"@type":"Organization","@id":"https:\/\/supatips.org\/#organization","name":"Supatips: Football Predictions","url":"https:\/\/supatips.org\/","logo":{"@type":"ImageObject","inLanguage":"de","@id":"https:\/\/supatips.org\/#\/schema\/logo\/image\/","url":"https:\/\/supatips.org\/wp-content\/uploads\/2024\/12\/videocall.png","contentUrl":"https:\/\/supatips.org\/wp-content\/uploads\/2024\/12\/videocall.png","width":202,"height":40,"caption":"Supatips: Football Predictions"},"image":{"@id":"https:\/\/supatips.org\/#\/schema\/logo\/image\/"}}]}},"_links":{"self":[{"href":"https:\/\/supatips.org\/de\/wp-json\/wp\/v2\/pages\/18","targetHints":{"allow":["GET"]}}],"collection":[{"href":"https:\/\/supatips.org\/de\/wp-json\/wp\/v2\/pages"}],"about":[{"href":"https:\/\/supatips.org\/de\/wp-json\/wp\/v2\/types\/page"}],"author":[{"embeddable":true,"href":"https:\/\/supatips.org\/de\/wp-json\/wp\/v2\/users\/1"}],"replies":[{"embeddable":true,"href":"https:\/\/supatips.org\/de\/wp-json\/wp\/v2\/comments?post=18"}],"version-history":[{"count":10,"href":"https:\/\/supatips.org\/de\/wp-json\/wp\/v2\/pages\/18\/revisions"}],"predecessor-version":[{"id":146,"href":"https:\/\/supatips.org\/de\/wp-json\/wp\/v2\/pages\/18\/revisions\/146"}],"wp:attachment":[{"href":"https:\/\/supatips.org\/de\/wp-json\/wp\/v2\/media?parent=18"}],"curies":[{"name":"wp","href":"https:\/\/api.w.org\/{rel}","templated":true}]}}