{"id":18,"date":"2024-07-28T18:55:10","date_gmt":"2024-07-28T18:55:10","guid":{"rendered":"https:\/\/supatips.org\/?page_id=18"},"modified":"2024-12-05T22:24:21","modified_gmt":"2024-12-05T22:24:21","slug":"soccervital-free-football-predictions-and-tips","status":"publish","type":"page","link":"https:\/\/supatips.org\/es\/","title":{"rendered":"SupaTips: Pron\u00f3sticos de f\u00fatbol"},"content":{"rendered":"<!-- Container for the iframe and loader -->\n    <div id=\"iframe-container\" style=\"position: relative; width: 100%;\">\n\n        <!-- Loading Bar -->\n        <div id=\"loader\" style=\"position: absolute; top: 0; left: 0; width: 100%; height: 100%; background-color: rgba(255, 255, 255, 0.9); display: flex; justify-content: center; align-items: center; flex-direction: column;\">\n            <div id=\"loader-bar\" style=\"width: 80%; height: 20px; background-color: #e0e0e0; border-radius: 10px; overflow: hidden; margin-bottom: 10px;\">\n                <div id=\"loader-progress\" style=\"width: 0%; height: 100%; background-color: #007bff;\"><\/div>\n            <\/div>\n            <p id=\"loader-text\" style=\"font-size: 16px; color: #333;\">Cargando partidos... <span id=\"countdown\">5<\/span> sec<\/p>\n        <\/div>\n\n        <!-- iFrame with the table -->\n        <iframe loading=\"lazy\" id=\"football-predictions-iframe\" src=\"https:\/\/soccervital.org\/full\/\" width=\"100%\" height=\"800\" frameborder=\"0\" scrolling=\"no\"><\/iframe>\n    <\/div>\n\n    <script>\n    \/\/ Function for the loader\n    document.addEventListener('DOMContentLoaded', function() {\n        var iframe = document.getElementById('football-predictions-iframe');\n        var loader = document.getElementById('loader');\n        var countdownElement = document.getElementById('countdown');\n        var loaderProgress = document.getElementById('loader-progress');\n        var countdown = 5; \/\/ Number of seconds for the countdown\n        var progress = 0; \/\/ Progress percentage\n\n        \/\/ Countdown timer\n        var countdownInterval = setInterval(function() {\n            countdown--;\n            progress += 20; \/\/ Since we have 5 seconds, we increase by 20% each second\n            countdownElement.textContent = countdown;\n            loaderProgress.style.width = progress + '%';\n\n            if (countdown <= 0) {\n                clearInterval(countdownInterval);\n            }\n        }, 1000);\n\n        \/\/ Function to hide the loader\n        function hideLoader() {\n            if (loader) {\n                loader.style.display = 'none';\n            }\n            clearInterval(countdownInterval);\n        }\n\n        \/\/ Hide the loader when the iframe is loaded\n        iframe.onload = function() {\n            hideLoader();\n        };\n\n        \/\/ Hide the loader after 5 seconds, if the iframe hasn't loaded yet\n        setTimeout(function() {\n            hideLoader();\n        }, 5000);\n    });\n    <\/script>\n    \n\n\n\n<h1 class=\"wp-block-heading\" id=\"h-supatips-football-predictions-and-tips\">Supatips: Pron\u00f3sticos y consejos de f\u00fatbol<\/h1>\n\n\n\n<h2 class=\"wp-block-heading\">Todo lo que debe saber sobre las apuestas de f\u00fatbol<\/h2>\n\n\n\n<p>Utilizando la informaci\u00f3n de esta secci\u00f3n, podr\u00e1 averiguar qu\u00e9 son realmente las apuestas de f\u00fatbol. Los materiales disponibles est\u00e1n cuidadosamente elaborados para que los visitantes reciban la informaci\u00f3n m\u00e1s honesta y completa sobre las apuestas en eventos futbol\u00edsticos. Gracias a la aparici\u00f3n de esta secci\u00f3n, podr\u00e1 simplificar considerablemente el estudio del mercado de las casas de apuestas y las noticias del mundo de las apuestas.<\/p>\n\n\n\n<p>Es mucho m\u00e1s rentable aprender sobre apuestas de f\u00fatbol utilizando un sitio probado y fiable. SupaTips se esfuerza al m\u00e1ximo para que nuestros clientes disfruten utilizando el recurso. Toda la informaci\u00f3n disponible est\u00e1 verificada y es fiable, y se realiza un seguimiento constante de los cambios, lo que nos permite ofrecer la informaci\u00f3n m\u00e1s reciente.<\/p>\n\n\n\n<p>Obtener informaci\u00f3n \u00fatil e importante sobre las casas de apuestas en el f\u00fatbol hace que el proceso de apostar sea m\u00e1s f\u00e1cil y rentable para todos los apostantes. SupaTips pone todo su empe\u00f1o y oportunidad para que dispongas de toda la informaci\u00f3n necesaria sobre las apuestas deportivas en casas de apuestas legales.<\/p>\n\n\n\n<figure class=\"wp-block-image size-full\"><img loading=\"lazy\" decoding=\"async\" width=\"370\" height=\"230\" src=\"https:\/\/supatips.org\/wp-content\/uploads\/2024\/12\/image.png\" alt=\"Supatips: Pron\u00f3sticos y consejos de f\u00fatbol\" class=\"wp-image-145\" srcset=\"https:\/\/supatips.org\/wp-content\/uploads\/2024\/12\/image.png 370w, https:\/\/supatips.org\/wp-content\/uploads\/2024\/12\/image-300x186.png 300w, https:\/\/supatips.org\/wp-content\/uploads\/2024\/12\/image-18x12.png 18w, https:\/\/supatips.org\/wp-content\/uploads\/2024\/12\/image-64x40.png 64w, https:\/\/supatips.org\/wp-content\/uploads\/2024\/12\/image-51x32.png 51w, https:\/\/supatips.org\/wp-content\/uploads\/2024\/12\/image-113x70.png 113w, https:\/\/supatips.org\/wp-content\/uploads\/2024\/12\/image-129x80.png 129w, https:\/\/supatips.org\/wp-content\/uploads\/2024\/12\/image-217x135.png 217w\" sizes=\"auto, (max-width: 370px) 100vw, 370px\" \/><\/figure>\n\n\n\n<h2 class=\"wp-block-heading\" id=\"h-how-are-football-matches-analyzed\">\u00bfC\u00f3mo se analizan los partidos de f\u00fatbol?<\/h2>\n\n\n\n<p>La mayor\u00eda de los aficionados creen que est\u00e1n bien versados en deportes y que pueden calcular de forma independiente qui\u00e9n ganar\u00e1 el pr\u00f3ximo partido de f\u00fatbol. Pero analizar el f\u00fatbol no es tan f\u00e1cil como parece. Por eso son tan valiosos los pron\u00f3sticos deportivos de analistas profesionales.<\/p>\n\n\n\n<p>Es casi imposible obtener un pron\u00f3stico futbol\u00edstico absolutamente exacto: en el resultado del partido influyen muchos factores. A menudo sucede que el perdedor gana inesperadamente. En ello influye el tiempo, la experiencia de los jugadores, la tensi\u00f3n del partido anterior.<\/p>\n\n\n\n<p>SupaTips ofrece Pron\u00f3sticos profesionales realizados no s\u00f3lo por expertos, sino a menudo por deportistas famosos, comentaristas o blogueros populares. No lo hacen como especialistas, sino que simplemente expresan su opini\u00f3n. Un analista de f\u00fatbol profesional, en cambio, realiza un estudio detallado para mostrar el resultado de calidad del partido.<\/p>\n\n\n\n<p>Los pron\u00f3sticos de f\u00fatbol de los profesionales se forman de dos maneras: bas\u00e1ndose en estad\u00edsticas o en an\u00e1lisis. En el primer caso, la probabilidad de ganar puede estimarse en comparaci\u00f3n con los resultados de partidos anteriores del equipo o de jugadores individuales, lo que suele hacerse gracias a programas especiales.<\/p>\n\n\n\n<p>En el resultado de un partido de f\u00fatbol influyen los siguientes factores:<\/p>\n\n\n\n<ol class=\"wp-block-list\">\n<li>El campo propio o ajeno donde se desarrolla el juego.<\/li>\n\n\n\n<li>Preparaci\u00f3n f\u00edsica de cada jugador, especialmente de los m\u00e1s importantes.<\/li>\n\n\n\n<li>Acontecimientos recientes que podr\u00edan haber afectado al estado del equipo.<\/li>\n\n\n\n<li>Jugadores del equipo que se han lesionado recientemente.<\/li>\n\n\n\n<li>\u00bfCu\u00e1nto tiempo lleva jugando el equipo, cu\u00e1l es el descanso entre partidos?<\/li>\n<\/ol>\n\n\n\n<p>El segundo m\u00e9todo de pron\u00f3stico para las apuestas consiste en el estudio de estos datos. El c\u00e1lculo anal\u00edtico debe ser realizado s\u00f3lo por maestros experimentados que conozcan bien el f\u00fatbol. Es necesario basarse no s\u00f3lo en estad\u00edsticas, sino tambi\u00e9n en hechos, acontecimientos recientes, informaci\u00f3n sobre el equipo. Los resultados del an\u00e1lisis son m\u00e1s precisos, en comparaci\u00f3n con los estudios estad\u00edsticos.<\/p>\n\n\n\n<h2 class=\"wp-block-heading\" id=\"h-advantages-of-supatips\">Ventajas de Supatips<\/h2>\n\n\n\n<ul class=\"wp-block-list\">\n<li>La mayor\u00eda de los pron\u00f3sticos profesionales son de pago, y para acceder a ellos hay que suscribirse o comprar una suscripci\u00f3n especial. Con SupaTips, puedes ver las gratuitas sin restricciones de acceso.<\/li>\n\n\n\n<li><strong>Profesionalidad.<\/strong>\u00a0Todos los pron\u00f3sticos son realizados por especialistas, analistas experimentados que estudian al detalle todos los factores que pueden afectar a un partido de f\u00fatbol. La experiencia de SupaTips aumenta varias veces la probabilidad de que ganes tu apuesta.<\/li>\n\n\n\n<li><strong>Informaci\u00f3n te\u00f3rica.<\/strong>\u00a0Aqu\u00ed encontrar\u00e1s mucha informaci\u00f3n interesante y \u00fatil. Adem\u00e1s de pron\u00f3sticos deportivos gratuitos, puedes familiarizarte con datos te\u00f3ricos que te ayudar\u00e1n a analizar t\u00fa mismo los partidos.<\/li>\n\n\n\n<li><strong>Partidos locales y mundiales.<\/strong>\u00a0Analizamos los partidos de los equipos ucranianos y los resultados de varios campeonatos del mundo.<\/li>\n<\/ul>\n\n\n\n<p>Tenemos en cuenta todos los factores que ayudan a formar los resultados m\u00e1s precisos de los partidos de f\u00fatbol para hoy. Los pron\u00f3sticos gratuitos de SupaTips ser\u00e1n la clave de su victoria en las apuestas. Todo apostante puede estar seguro de que aqu\u00ed recibir\u00e1 informaci\u00f3n de calidad, que har\u00e1 que la apuesta tenga m\u00e1s \u00e9xito y le ayudar\u00e1 a obtener m\u00e1s ingresos.<\/p>\n\n\n\n<p>La clasificaci\u00f3n de los sitios con pron\u00f3sticos deportivos est\u00e1 pensada para el desarrollo informativo de los usuarios que se interesan por las ofertas actuales de los pronosticadores o quieren probar suerte compilando y vendiendo sus propios c\u00e1lculos anal\u00edticos.<\/p>\n\n\n\n<h2 class=\"wp-block-heading\">\u00bfPara qu\u00e9 sirven los sitios de previsi\u00f3n?<\/h2>\n\n\n\n<p>Los jugadores experimentados y los reci\u00e9n llegados a las apuestas deportivas buscan pron\u00f3sticos de pago y gratuitos con justificaci\u00f3n. La cuesti\u00f3n principal que interesa a todo apostante es d\u00f3nde encontrar un sitio de pron\u00f3sticos deportivos que ofrezca una justificaci\u00f3n detallada, publique regularmente nuevos an\u00e1lisis, demuestre una din\u00e1mica positiva y no corrija las estad\u00edsticas.<\/p>\n\n\n\n<p>La necesidad de este tipo de sitios web para principiantes viene dictada por la necesidad de familiarizarse m\u00e1s detalladamente con las reglas para realizar pron\u00f3sticos y seleccionar los criterios de evaluaci\u00f3n. Otra opci\u00f3n para utilizar anal\u00edticas de pago y gratuitas es elegir un capper de \u00e9xito y seguir estrictamente sus tarifas para obtener un beneficio garantizado a largo plazo.<\/p>\n\n\n\n<h2 class=\"wp-block-heading\">Signos y causas de fraude<\/h2>\n\n\n\n<p>El ajuste de las estad\u00edsticas es la principal lacra de este tipo de recursos. Equipos de captadores sin escr\u00fapulos se aprovechan de que los visitantes no tienen la posibilidad de comentar las publicaciones en el sitio y los posts en las redes sociales. El bloqueo de los comentarios es uno de los primeros signos de fraude. Los sitios de pron\u00f3sticos deportivos que no tienen nada que ocultar nunca cierran los comentarios. Esto se hace para enga\u00f1ar a los clientes potenciales, a los que nadie podr\u00e1 proporcionar informaci\u00f3n veraz.<\/p>\n\n\n\n<p>Hemos asumido el papel de \u00e1rbitro y seleccionado para usted sitios con pron\u00f3sticos deportivos de pago y gratuitos que gozan de la mejor reputaci\u00f3n y no se han dejado notar en fraudes descarados. En las p\u00e1ginas de estos recursos, todo el mundo encontrar\u00e1 algo a su gusto - la oportunidad de leer las opiniones de otros jugadores sobre el partido, las previsiones de los profesionales, los datos estad\u00edsticos y art\u00edculos \u00fatiles sobre las casas de apuestas y sus reglas.<\/p>\n\n\n\n<p>Nuestra calificaci\u00f3n no es un producto publicitario, se basa en el estudio real y el uso pr\u00e1ctico de las capacidades de cada uno de los servicios presentados. Nadie puede garantizarle beneficios, pero las visitas regulares y el estudio cuidadoso de los sitios de nuestra clasificaci\u00f3n tienen un efecto positivo en el comportamiento de los apostantes durante el juego y en las estad\u00edsticas de sus resultados.<\/p>","protected":false},"excerpt":{"rendered":"<p>Supatips: Pron\u00f3sticos y consejos de f\u00fatbol Todo lo que necesitas saber sobre las apuestas de f\u00fatbol Utilizando la informaci\u00f3n de esta secci\u00f3n, podr\u00e1s descubrir qu\u00e9 son realmente las apuestas de f\u00fatbol. Los materiales disponibles est\u00e1n cuidadosamente elaborados para que los visitantes reciban la informaci\u00f3n m\u00e1s honesta y completa sobre las apuestas en eventos futbol\u00edsticos. Gracias a la aparici\u00f3n de [...]<\/p>","protected":false},"author":1,"featured_media":0,"parent":0,"menu_order":0,"comment_status":"closed","ping_status":"closed","template":"page-without-title.php","meta":{"footnotes":""},"class_list":["post-18","page","type-page","status-publish","hentry"],"yoast_head":"<!-- This site is optimized with the Yoast SEO Premium plugin v22.2 (Yoast SEO v22.2) - https:\/\/yoast.com\/wordpress\/plugins\/seo\/ -->\n<title>SupaTips: Football Predictions<\/title>\n<meta name=\"description\" content=\"The most accurate football predictions on Supatips for free. Football betting is one of the most popular in the world of betting, because this sport is the most popular.\" \/>\n<meta name=\"robots\" content=\"index, follow, max-snippet:-1, max-image-preview:large, max-video-preview:-1\" \/>\n<link rel=\"canonical\" href=\"https:\/\/supatips.org\/es\/\" \/>\n<meta property=\"og:locale\" content=\"es_ES\" \/>\n<meta property=\"og:type\" content=\"article\" \/>\n<meta property=\"og:title\" content=\"SupaTips: Football Predictions\" \/>\n<meta property=\"og:description\" content=\"The most accurate football predictions on Supatips for free. Football betting is one of the most popular in the world of betting, because this sport is the most popular.\" \/>\n<meta property=\"og:url\" content=\"https:\/\/supatips.org\/es\/\" \/>\n<meta property=\"og:site_name\" content=\"Supatips: Football Predictions\" \/>\n<meta property=\"article:modified_time\" content=\"2024-12-05T22:24:21+00:00\" \/>\n<meta property=\"og:image\" content=\"https:\/\/supatips.org\/wp-content\/uploads\/2024\/12\/image.png\" \/>\n<meta name=\"twitter:card\" content=\"summary_large_image\" \/>\n<meta name=\"twitter:label1\" content=\"Tiempo de lectura\" \/>\n\t<meta name=\"twitter:data1\" content=\"5 minutos\" \/>\n<script type=\"application\/ld+json\" class=\"yoast-schema-graph\">{\"@context\":\"https:\/\/schema.org\",\"@graph\":[{\"@type\":\"WebPage\",\"@id\":\"https:\/\/supatips.org\/\",\"url\":\"https:\/\/supatips.org\/\",\"name\":\"SupaTips: Football Predictions\",\"isPartOf\":{\"@id\":\"https:\/\/supatips.org\/#website\"},\"primaryImageOfPage\":{\"@id\":\"https:\/\/supatips.org\/#primaryimage\"},\"image\":{\"@id\":\"https:\/\/supatips.org\/#primaryimage\"},\"thumbnailUrl\":\"https:\/\/supatips.org\/wp-content\/uploads\/2024\/12\/image.png\",\"datePublished\":\"2024-07-28T18:55:10+00:00\",\"dateModified\":\"2024-12-05T22:24:21+00:00\",\"description\":\"The most accurate football predictions on Supatips for free. Football betting is one of the most popular in the world of betting, because this sport is the most popular.\",\"breadcrumb\":{\"@id\":\"https:\/\/supatips.org\/#breadcrumb\"},\"inLanguage\":\"es\",\"potentialAction\":[{\"@type\":\"ReadAction\",\"target\":[\"https:\/\/supatips.org\/\"]}]},{\"@type\":\"ImageObject\",\"inLanguage\":\"es\",\"@id\":\"https:\/\/supatips.org\/#primaryimage\",\"url\":\"https:\/\/supatips.org\/wp-content\/uploads\/2024\/12\/image.png\",\"contentUrl\":\"https:\/\/supatips.org\/wp-content\/uploads\/2024\/12\/image.png\",\"width\":370,\"height\":230},{\"@type\":\"BreadcrumbList\",\"@id\":\"https:\/\/supatips.org\/#breadcrumb\",\"itemListElement\":[{\"@type\":\"ListItem\",\"position\":1,\"name\":\"\u0413\u043b\u0430\u0432\u043d\u0430\u044f \u0441\u0442\u0440\u0430\u043d\u0438\u0446\u0430\",\"item\":\"https:\/\/supatips.org\/\"},{\"@type\":\"ListItem\",\"position\":2,\"name\":\"SupaTips: Football Predictions\"}]},{\"@type\":\"WebSite\",\"@id\":\"https:\/\/supatips.org\/#website\",\"url\":\"https:\/\/supatips.org\/\",\"name\":\"Supatips: Football Predictions\",\"description\":\"The most accurate football predictions on Supatips for free. Football betting is one of the most popular in the world of betting, because this sport is the most popular.\",\"publisher\":{\"@id\":\"https:\/\/supatips.org\/#organization\"},\"potentialAction\":[{\"@type\":\"SearchAction\",\"target\":{\"@type\":\"EntryPoint\",\"urlTemplate\":\"https:\/\/supatips.org\/?s={search_term_string}\"},\"query-input\":\"required name=search_term_string\"}],\"inLanguage\":\"es\"},{\"@type\":\"Organization\",\"@id\":\"https:\/\/supatips.org\/#organization\",\"name\":\"Supatips: Football Predictions\",\"url\":\"https:\/\/supatips.org\/\",\"logo\":{\"@type\":\"ImageObject\",\"inLanguage\":\"es\",\"@id\":\"https:\/\/supatips.org\/#\/schema\/logo\/image\/\",\"url\":\"https:\/\/supatips.org\/wp-content\/uploads\/2024\/12\/videocall.png\",\"contentUrl\":\"https:\/\/supatips.org\/wp-content\/uploads\/2024\/12\/videocall.png\",\"width\":202,\"height\":40,\"caption\":\"Supatips: Football Predictions\"},\"image\":{\"@id\":\"https:\/\/supatips.org\/#\/schema\/logo\/image\/\"}}]}<\/script>\n<!-- \/ Yoast SEO Premium plugin. -->","yoast_head_json":{"title":"SupaTips: Football Predictions","description":"The most accurate football predictions on Supatips for free. Football betting is one of the most popular in the world of betting, because this sport is the most popular.","robots":{"index":"index","follow":"follow","max-snippet":"max-snippet:-1","max-image-preview":"max-image-preview:large","max-video-preview":"max-video-preview:-1"},"canonical":"https:\/\/supatips.org\/es\/","og_locale":"es_ES","og_type":"article","og_title":"SupaTips: Football Predictions","og_description":"The most accurate football predictions on Supatips for free. Football betting is one of the most popular in the world of betting, because this sport is the most popular.","og_url":"https:\/\/supatips.org\/es\/","og_site_name":"Supatips: Football Predictions","article_modified_time":"2024-12-05T22:24:21+00:00","og_image":[{"url":"https:\/\/supatips.org\/wp-content\/uploads\/2024\/12\/image.png"}],"twitter_card":"summary_large_image","twitter_misc":{"Tiempo de lectura":"5 minutos"},"schema":{"@context":"https:\/\/schema.org","@graph":[{"@type":"WebPage","@id":"https:\/\/supatips.org\/","url":"https:\/\/supatips.org\/","name":"SupaTips: Football Predictions","isPartOf":{"@id":"https:\/\/supatips.org\/#website"},"primaryImageOfPage":{"@id":"https:\/\/supatips.org\/#primaryimage"},"image":{"@id":"https:\/\/supatips.org\/#primaryimage"},"thumbnailUrl":"https:\/\/supatips.org\/wp-content\/uploads\/2024\/12\/image.png","datePublished":"2024-07-28T18:55:10+00:00","dateModified":"2024-12-05T22:24:21+00:00","description":"The most accurate football predictions on Supatips for free. Football betting is one of the most popular in the world of betting, because this sport is the most popular.","breadcrumb":{"@id":"https:\/\/supatips.org\/#breadcrumb"},"inLanguage":"es","potentialAction":[{"@type":"ReadAction","target":["https:\/\/supatips.org\/"]}]},{"@type":"ImageObject","inLanguage":"es","@id":"https:\/\/supatips.org\/#primaryimage","url":"https:\/\/supatips.org\/wp-content\/uploads\/2024\/12\/image.png","contentUrl":"https:\/\/supatips.org\/wp-content\/uploads\/2024\/12\/image.png","width":370,"height":230},{"@type":"BreadcrumbList","@id":"https:\/\/supatips.org\/#breadcrumb","itemListElement":[{"@type":"ListItem","position":1,"name":"\u0413\u043b\u0430\u0432\u043d\u0430\u044f \u0441\u0442\u0440\u0430\u043d\u0438\u0446\u0430","item":"https:\/\/supatips.org\/"},{"@type":"ListItem","position":2,"name":"SupaTips: Football Predictions"}]},{"@type":"WebSite","@id":"https:\/\/supatips.org\/#website","url":"https:\/\/supatips.org\/","name":"Supatips: Football Predictions","description":"The most accurate football predictions on Supatips for free. Football betting is one of the most popular in the world of betting, because this sport is the most popular.","publisher":{"@id":"https:\/\/supatips.org\/#organization"},"potentialAction":[{"@type":"SearchAction","target":{"@type":"EntryPoint","urlTemplate":"https:\/\/supatips.org\/?s={search_term_string}"},"query-input":"required name=search_term_string"}],"inLanguage":"es"},{"@type":"Organization","@id":"https:\/\/supatips.org\/#organization","name":"Supatips: Football Predictions","url":"https:\/\/supatips.org\/","logo":{"@type":"ImageObject","inLanguage":"es","@id":"https:\/\/supatips.org\/#\/schema\/logo\/image\/","url":"https:\/\/supatips.org\/wp-content\/uploads\/2024\/12\/videocall.png","contentUrl":"https:\/\/supatips.org\/wp-content\/uploads\/2024\/12\/videocall.png","width":202,"height":40,"caption":"Supatips: Football Predictions"},"image":{"@id":"https:\/\/supatips.org\/#\/schema\/logo\/image\/"}}]}},"_links":{"self":[{"href":"https:\/\/supatips.org\/es\/wp-json\/wp\/v2\/pages\/18","targetHints":{"allow":["GET"]}}],"collection":[{"href":"https:\/\/supatips.org\/es\/wp-json\/wp\/v2\/pages"}],"about":[{"href":"https:\/\/supatips.org\/es\/wp-json\/wp\/v2\/types\/page"}],"author":[{"embeddable":true,"href":"https:\/\/supatips.org\/es\/wp-json\/wp\/v2\/users\/1"}],"replies":[{"embeddable":true,"href":"https:\/\/supatips.org\/es\/wp-json\/wp\/v2\/comments?post=18"}],"version-history":[{"count":10,"href":"https:\/\/supatips.org\/es\/wp-json\/wp\/v2\/pages\/18\/revisions"}],"predecessor-version":[{"id":146,"href":"https:\/\/supatips.org\/es\/wp-json\/wp\/v2\/pages\/18\/revisions\/146"}],"wp:attachment":[{"href":"https:\/\/supatips.org\/es\/wp-json\/wp\/v2\/media?parent=18"}],"curies":[{"name":"wp","href":"https:\/\/api.w.org\/{rel}","templated":true}]}}