{"id":18,"date":"2024-07-28T18:55:10","date_gmt":"2024-07-28T18:55:10","guid":{"rendered":"https:\/\/supatips.org\/?page_id=18"},"modified":"2024-12-05T22:24:21","modified_gmt":"2024-12-05T22:24:21","slug":"soccervital-free-football-predictions-and-tips","status":"publish","type":"page","link":"https:\/\/supatips.org\/fr\/","title":{"rendered":"SupaTips : Pronostics sur le football"},"content":{"rendered":"<!-- Container for the iframe and loader -->\n    <div id=\"iframe-container\" style=\"position: relative; width: 100%;\">\n\n        <!-- Loading Bar -->\n        <div id=\"loader\" style=\"position: absolute; top: 0; left: 0; width: 100%; height: 100%; background-color: rgba(255, 255, 255, 0.9); display: flex; justify-content: center; align-items: center; flex-direction: column;\">\n            <div id=\"loader-bar\" style=\"width: 80%; height: 20px; background-color: #e0e0e0; border-radius: 10px; overflow: hidden; margin-bottom: 10px;\">\n                <div id=\"loader-progress\" style=\"width: 0%; height: 100%; background-color: #007bff;\"><\/div>\n            <\/div>\n            <p id=\"loader-text\" style=\"font-size: 16px; color: #333;\">Chargement des correspondances... <span id=\"countdown\">5<\/span> sec<\/p>\n        <\/div>\n\n        <!-- iFrame with the table -->\n        <iframe loading=\"lazy\" id=\"football-predictions-iframe\" src=\"https:\/\/soccervital.org\/full\/\" width=\"100%\" height=\"800\" frameborder=\"0\" scrolling=\"no\"><\/iframe>\n    <\/div>\n\n    <script>\n    \/\/ Function for the loader\n    document.addEventListener('DOMContentLoaded', function() {\n        var iframe = document.getElementById('football-predictions-iframe');\n        var loader = document.getElementById('loader');\n        var countdownElement = document.getElementById('countdown');\n        var loaderProgress = document.getElementById('loader-progress');\n        var countdown = 5; \/\/ Number of seconds for the countdown\n        var progress = 0; \/\/ Progress percentage\n\n        \/\/ Countdown timer\n        var countdownInterval = setInterval(function() {\n            countdown--;\n            progress += 20; \/\/ Since we have 5 seconds, we increase by 20% each second\n            countdownElement.textContent = countdown;\n            loaderProgress.style.width = progress + '%';\n\n            if (countdown <= 0) {\n                clearInterval(countdownInterval);\n            }\n        }, 1000);\n\n        \/\/ Function to hide the loader\n        function hideLoader() {\n            if (loader) {\n                loader.style.display = 'none';\n            }\n            clearInterval(countdownInterval);\n        }\n\n        \/\/ Hide the loader when the iframe is loaded\n        iframe.onload = function() {\n            hideLoader();\n        };\n\n        \/\/ Hide the loader after 5 seconds, if the iframe hasn't loaded yet\n        setTimeout(function() {\n            hideLoader();\n        }, 5000);\n    });\n    <\/script>\n    \n\n\n\n<h1 class=\"wp-block-heading\" id=\"h-supatips-football-predictions-and-tips\">Supatips : Pronostics et conseils en mati\u00e8re de football<\/h1>\n\n\n\n<h2 class=\"wp-block-heading\">Tout ce qu'il faut savoir sur les paris sur le football<\/h2>\n\n\n\n<p>Les informations contenues dans cette section vous permettront de d\u00e9couvrir ce que sont r\u00e9ellement les paris sur le football. Les documents disponibles sont soigneusement \u00e9labor\u00e9s afin que les visiteurs re\u00e7oivent les informations les plus honn\u00eates et les plus compl\u00e8tes sur les paris sur les \u00e9v\u00e9nements footballistiques. Gr\u00e2ce \u00e0 cette section, vous pouvez simplifier consid\u00e9rablement l'\u00e9tude du march\u00e9 des bookmakers et des nouvelles du monde des paris.<\/p>\n\n\n\n<p>Il est beaucoup plus rentable d'apprendre \u00e0 parier sur le football en utilisant un site \u00e9prouv\u00e9 et fiable. SupaTips s'efforce de faire un maximum d'efforts pour que nos clients appr\u00e9cient l'utilisation de cette ressource. Toutes les informations disponibles sont v\u00e9rifi\u00e9es et fiables, et un suivi constant des changements est effectu\u00e9, ce qui nous permet de fournir les informations les plus r\u00e9centes.<\/p>\n\n\n\n<p>Obtenir des informations utiles et importantes sur les bookmakers de football rend le processus de pari plus facile et plus profitable pour tous les joueurs. SupaTips met tout en \u0153uvre pour que vous disposiez de toutes les informations n\u00e9cessaires sur les paris sportifs dans les bookmakers l\u00e9gaux.<\/p>\n\n\n\n<figure class=\"wp-block-image size-full\"><img loading=\"lazy\" decoding=\"async\" width=\"370\" height=\"230\" src=\"https:\/\/supatips.org\/wp-content\/uploads\/2024\/12\/image.png\" alt=\"Supatips : Pronostics et conseils en mati\u00e8re de football\" class=\"wp-image-145\" srcset=\"https:\/\/supatips.org\/wp-content\/uploads\/2024\/12\/image.png 370w, https:\/\/supatips.org\/wp-content\/uploads\/2024\/12\/image-300x186.png 300w, https:\/\/supatips.org\/wp-content\/uploads\/2024\/12\/image-18x12.png 18w, https:\/\/supatips.org\/wp-content\/uploads\/2024\/12\/image-64x40.png 64w, https:\/\/supatips.org\/wp-content\/uploads\/2024\/12\/image-51x32.png 51w, https:\/\/supatips.org\/wp-content\/uploads\/2024\/12\/image-113x70.png 113w, https:\/\/supatips.org\/wp-content\/uploads\/2024\/12\/image-129x80.png 129w, https:\/\/supatips.org\/wp-content\/uploads\/2024\/12\/image-217x135.png 217w\" sizes=\"auto, (max-width: 370px) 100vw, 370px\" \/><\/figure>\n\n\n\n<h2 class=\"wp-block-heading\" id=\"h-how-are-football-matches-analyzed\">Comment les matches de football sont-ils analys\u00e9s ?<\/h2>\n\n\n\n<p>La plupart des supporters pensent qu'ils connaissent bien le sport et qu'ils peuvent calculer de mani\u00e8re autonome qui gagnera le prochain match de football. Mais l'analyse du football n'est pas aussi simple qu'il y para\u00eet. C'est pourquoi les pr\u00e9visions sportives des analystes professionnels sont si pr\u00e9cieuses.<\/p>\n\n\n\n<p>Il est presque impossible d'obtenir des pr\u00e9visions footballistiques absolument exactes, car le r\u00e9sultat du match est influenc\u00e9 par de nombreux facteurs. Il arrive souvent que l'outsider gagne de mani\u00e8re inattendue. Cela d\u00e9pend de la m\u00e9t\u00e9o, de l'exp\u00e9rience des joueurs, de la tension du match pr\u00e9c\u00e9dent.<\/p>\n\n\n\n<p>SupaTips fournit des pronostics professionnels r\u00e9alis\u00e9s non seulement par des experts, mais souvent par des athl\u00e8tes c\u00e9l\u00e8bres, des commentateurs ou des blogueurs populaires. Ils ne le font pas en tant que sp\u00e9cialistes, mais expriment simplement leur opinion. Un analyste de football professionnel, en revanche, effectue une \u00e9tude d\u00e9taill\u00e9e pour montrer la qualit\u00e9 du r\u00e9sultat du match.<\/p>\n\n\n\n<p>Les pronostics de football des professionnels sont \u00e9tablis de deux mani\u00e8res : sur la base de statistiques ou d'analyses. Dans le premier cas, la probabilit\u00e9 de gagner peut \u00eatre estim\u00e9e en comparaison avec les r\u00e9sultats des matchs pr\u00e9c\u00e9dents de l'\u00e9quipe ou des joueurs individuels, ce qui est souvent fait gr\u00e2ce \u00e0 des programmes sp\u00e9ciaux.<\/p>\n\n\n\n<p>Le r\u00e9sultat d'un match de football est influenc\u00e9 par les facteurs suivants :<\/p>\n\n\n\n<ol class=\"wp-block-list\">\n<li>Le terrain o\u00f9 se d\u00e9roule le jeu, qu'il soit le v\u00f4tre ou celui de quelqu'un d'autre.<\/li>\n\n\n\n<li>Pr\u00e9paration physique de chaque joueur, en particulier des joueurs cl\u00e9s.<\/li>\n\n\n\n<li>Les \u00e9v\u00e9nements r\u00e9cents qui auraient pu affecter la situation de l'\u00e9quipe.<\/li>\n\n\n\n<li>Joueurs de l'\u00e9quipe qui ont \u00e9t\u00e9 r\u00e9cemment bless\u00e9s.<\/li>\n\n\n\n<li>Depuis combien de temps l'\u00e9quipe joue-t-elle, quelle est la dur\u00e9e de la pause entre les matches ?<\/li>\n<\/ol>\n\n\n\n<p>La deuxi\u00e8me m\u00e9thode de pr\u00e9vision pour les paris est l'\u00e9tude de ces donn\u00e9es. Le calcul analytique ne devrait \u00eatre effectu\u00e9 que par des ma\u00eetres exp\u00e9riment\u00e9s qui connaissent bien le football. Il est n\u00e9cessaire de s'appuyer non seulement sur les statistiques, mais aussi sur les faits, les \u00e9v\u00e9nements r\u00e9cents et les informations relatives \u00e0 l'\u00e9quipe. Les r\u00e9sultats de l'analyse sont plus pr\u00e9cis que ceux des \u00e9tudes statistiques.<\/p>\n\n\n\n<h2 class=\"wp-block-heading\" id=\"h-advantages-of-supatips\">Avantages des Supatips<\/h2>\n\n\n\n<ul class=\"wp-block-list\">\n<li>La plupart des pr\u00e9visions professionnelles sont payantes, et pour y acc\u00e9der, il faut s'abonner ou acheter un abonnement sp\u00e9cial. Avec SupaTips, vous pouvez consulter les pr\u00e9visions gratuites sans restriction d'acc\u00e8s.<\/li>\n\n\n\n<li><strong>Professionnalisme.<\/strong>\u00a0Tous les pronostics sont faits par des sp\u00e9cialistes, des analystes exp\u00e9riment\u00e9s qui \u00e9tudient en d\u00e9tail tous les facteurs qui peuvent affecter un match de football. L'expertise de SupaTips augmente la probabilit\u00e9 que vous gagniez votre pari plusieurs fois.<\/li>\n\n\n\n<li><strong>Informations th\u00e9oriques.<\/strong>\u00a0Vous y trouverez de nombreuses informations int\u00e9ressantes et utiles. En plus des pronostics sportifs gratuits, vous pouvez vous familiariser avec des donn\u00e9es th\u00e9oriques qui vous aideront \u00e0 analyser les matches vous-m\u00eame.<\/li>\n\n\n\n<li><strong>Matches locaux et mondiaux.<\/strong>\u00a0Nous analysons les matchs des \u00e9quipes ukrainiennes et les r\u00e9sultats des diff\u00e9rents championnats du monde.<\/li>\n<\/ul>\n\n\n\n<p>Nous prenons en compte tous les facteurs qui aident \u00e0 former les r\u00e9sultats les plus pr\u00e9cis des matchs de football d'aujourd'hui. Les pronostics gratuits de SupaTips seront la cl\u00e9 de votre victoire dans les paris. Chaque parieur peut \u00eatre s\u00fbr qu'il recevra des informations de qualit\u00e9 ici, ce qui rendra le pari plus r\u00e9ussi et vous aidera \u00e0 obtenir plus de revenus.<\/p>\n\n\n\n<p>Le classement des sites de pronostics sportifs est destin\u00e9 au d\u00e9veloppement de l'information des utilisateurs qui s'int\u00e9ressent aux offres actuelles des pronostiqueurs ou qui veulent s'essayer \u00e0 la compilation et \u00e0 la vente de leurs propres calculs analytiques.<\/p>\n\n\n\n<h2 class=\"wp-block-heading\">\u00c0 quoi servent les sites de pr\u00e9vision ?<\/h2>\n\n\n\n<p>Les joueurs exp\u00e9riment\u00e9s et les nouveaux venus dans le domaine des paris sportifs recherchent des pronostics gratuits et payants avec justification. La question principale qui int\u00e9resse tous les parieurs est de savoir o\u00f9 trouver un site de pronostics sportifs qui fournit des justifications d\u00e9taill\u00e9es, publie r\u00e9guli\u00e8rement de nouvelles analyses, fait preuve d'une dynamique positive et ne corrige pas les statistiques.<\/p>\n\n\n\n<p>Le besoin de tels sites pour les d\u00e9butants est dict\u00e9 par la n\u00e9cessit\u00e9 de se familiariser plus en d\u00e9tail avec les r\u00e8gles d'\u00e9laboration des pr\u00e9visions et de s\u00e9lection des crit\u00e8res d'\u00e9valuation. Une autre option pour utiliser les analyses payantes et gratuites est de choisir un capper performant et de suivre strictement ses tarifs afin d'obtenir un profit garanti sur une longue distance.<\/p>\n\n\n\n<h2 class=\"wp-block-heading\">Signes et causes de la fraude<\/h2>\n\n\n\n<p>L'ajustement des statistiques est le principal fl\u00e9au de ces ressources. Des \u00e9quipes de cappers peu scrupuleux profitent du fait que les visiteurs n'ont pas la possibilit\u00e9 de commenter les publications sur le site et les posts sur les r\u00e9seaux sociaux. Le blocage des commentaires est l'un des premiers signes de fraude. Les sites de pronostics sportifs qui n'ont rien \u00e0 cacher ne ferment jamais les commentaires. Ils le font dans le but d'induire en erreur les clients potentiels, auxquels personne ne pourra fournir des informations v\u00e9ridiques.<\/p>\n\n\n\n<p>Nous avons jou\u00e9 le r\u00f4le d'arbitre et s\u00e9lectionn\u00e9 pour vous des sites de pronostics sportifs payants et gratuits qui jouissent de la meilleure r\u00e9putation et n'ont pas fait l'objet de fraudes caract\u00e9ris\u00e9es. Sur les pages de ces ressources, chacun trouvera de quoi s'occuper \u00e0 sa guise - la possibilit\u00e9 de lire les avis d'autres joueurs sur le match, des pronostics de professionnels, des donn\u00e9es statistiques et des articles utiles sur les bookmakers et leurs r\u00e8gles.<\/p>\n\n\n\n<p>Notre classement n'est pas un produit publicitaire, il est bas\u00e9 sur une \u00e9tude r\u00e9elle et une utilisation pratique des capacit\u00e9s de chacun des services pr\u00e9sent\u00e9s. Personne ne peut vous garantir un gain, mais des visites r\u00e9guli\u00e8res et une \u00e9tude attentive des sites de notre classement ont un effet positif sur le comportement des parieurs pendant le jeu et sur les statistiques de leurs r\u00e9sultats.<\/p>","protected":false},"excerpt":{"rendered":"<p>Supatips : Pronostics et conseils sur le football Tout ce que vous devez savoir sur les paris sur le football En utilisant les informations de cette section, vous pouvez d\u00e9couvrir ce que sont r\u00e9ellement les paris sur le football. Les documents disponibles sont soigneusement \u00e9labor\u00e9s afin que les visiteurs re\u00e7oivent les informations les plus honn\u00eates et les plus compl\u00e8tes sur les paris sur les \u00e9v\u00e9nements footballistiques. Gr\u00e2ce \u00e0 l'apparition de [...]<\/p>","protected":false},"author":1,"featured_media":0,"parent":0,"menu_order":0,"comment_status":"closed","ping_status":"closed","template":"page-without-title.php","meta":{"footnotes":""},"class_list":["post-18","page","type-page","status-publish","hentry"],"yoast_head":"<!-- This site is optimized with the Yoast SEO Premium plugin v22.2 (Yoast SEO v22.2) - https:\/\/yoast.com\/wordpress\/plugins\/seo\/ -->\n<title>SupaTips: Football Predictions<\/title>\n<meta name=\"description\" content=\"The most accurate football predictions on Supatips for free. Football betting is one of the most popular in the world of betting, because this sport is the most popular.\" \/>\n<meta name=\"robots\" content=\"index, follow, max-snippet:-1, max-image-preview:large, max-video-preview:-1\" \/>\n<link rel=\"canonical\" href=\"https:\/\/supatips.org\/fr\/\" \/>\n<meta property=\"og:locale\" content=\"fr_FR\" \/>\n<meta property=\"og:type\" content=\"article\" \/>\n<meta property=\"og:title\" content=\"SupaTips: Football Predictions\" \/>\n<meta property=\"og:description\" content=\"The most accurate football predictions on Supatips for free. Football betting is one of the most popular in the world of betting, because this sport is the most popular.\" \/>\n<meta property=\"og:url\" content=\"https:\/\/supatips.org\/fr\/\" \/>\n<meta property=\"og:site_name\" content=\"Supatips: Football Predictions\" \/>\n<meta property=\"article:modified_time\" content=\"2024-12-05T22:24:21+00:00\" \/>\n<meta property=\"og:image\" content=\"https:\/\/supatips.org\/wp-content\/uploads\/2024\/12\/image.png\" \/>\n<meta name=\"twitter:card\" content=\"summary_large_image\" \/>\n<meta name=\"twitter:label1\" content=\"Dur\u00e9e de lecture estim\u00e9e\" \/>\n\t<meta name=\"twitter:data1\" content=\"5 minutes\" \/>\n<script type=\"application\/ld+json\" class=\"yoast-schema-graph\">{\"@context\":\"https:\/\/schema.org\",\"@graph\":[{\"@type\":\"WebPage\",\"@id\":\"https:\/\/supatips.org\/\",\"url\":\"https:\/\/supatips.org\/\",\"name\":\"SupaTips: Football Predictions\",\"isPartOf\":{\"@id\":\"https:\/\/supatips.org\/#website\"},\"primaryImageOfPage\":{\"@id\":\"https:\/\/supatips.org\/#primaryimage\"},\"image\":{\"@id\":\"https:\/\/supatips.org\/#primaryimage\"},\"thumbnailUrl\":\"https:\/\/supatips.org\/wp-content\/uploads\/2024\/12\/image.png\",\"datePublished\":\"2024-07-28T18:55:10+00:00\",\"dateModified\":\"2024-12-05T22:24:21+00:00\",\"description\":\"The most accurate football predictions on Supatips for free. Football betting is one of the most popular in the world of betting, because this sport is the most popular.\",\"breadcrumb\":{\"@id\":\"https:\/\/supatips.org\/#breadcrumb\"},\"inLanguage\":\"fr-FR\",\"potentialAction\":[{\"@type\":\"ReadAction\",\"target\":[\"https:\/\/supatips.org\/\"]}]},{\"@type\":\"ImageObject\",\"inLanguage\":\"fr-FR\",\"@id\":\"https:\/\/supatips.org\/#primaryimage\",\"url\":\"https:\/\/supatips.org\/wp-content\/uploads\/2024\/12\/image.png\",\"contentUrl\":\"https:\/\/supatips.org\/wp-content\/uploads\/2024\/12\/image.png\",\"width\":370,\"height\":230},{\"@type\":\"BreadcrumbList\",\"@id\":\"https:\/\/supatips.org\/#breadcrumb\",\"itemListElement\":[{\"@type\":\"ListItem\",\"position\":1,\"name\":\"\u0413\u043b\u0430\u0432\u043d\u0430\u044f \u0441\u0442\u0440\u0430\u043d\u0438\u0446\u0430\",\"item\":\"https:\/\/supatips.org\/\"},{\"@type\":\"ListItem\",\"position\":2,\"name\":\"SupaTips: Football Predictions\"}]},{\"@type\":\"WebSite\",\"@id\":\"https:\/\/supatips.org\/#website\",\"url\":\"https:\/\/supatips.org\/\",\"name\":\"Supatips: Football Predictions\",\"description\":\"The most accurate football predictions on Supatips for free. Football betting is one of the most popular in the world of betting, because this sport is the most popular.\",\"publisher\":{\"@id\":\"https:\/\/supatips.org\/#organization\"},\"potentialAction\":[{\"@type\":\"SearchAction\",\"target\":{\"@type\":\"EntryPoint\",\"urlTemplate\":\"https:\/\/supatips.org\/?s={search_term_string}\"},\"query-input\":\"required name=search_term_string\"}],\"inLanguage\":\"fr-FR\"},{\"@type\":\"Organization\",\"@id\":\"https:\/\/supatips.org\/#organization\",\"name\":\"Supatips: Football Predictions\",\"url\":\"https:\/\/supatips.org\/\",\"logo\":{\"@type\":\"ImageObject\",\"inLanguage\":\"fr-FR\",\"@id\":\"https:\/\/supatips.org\/#\/schema\/logo\/image\/\",\"url\":\"https:\/\/supatips.org\/wp-content\/uploads\/2024\/12\/videocall.png\",\"contentUrl\":\"https:\/\/supatips.org\/wp-content\/uploads\/2024\/12\/videocall.png\",\"width\":202,\"height\":40,\"caption\":\"Supatips: Football Predictions\"},\"image\":{\"@id\":\"https:\/\/supatips.org\/#\/schema\/logo\/image\/\"}}]}<\/script>\n<!-- \/ Yoast SEO Premium plugin. -->","yoast_head_json":{"title":"SupaTips: Football Predictions","description":"The most accurate football predictions on Supatips for free. Football betting is one of the most popular in the world of betting, because this sport is the most popular.","robots":{"index":"index","follow":"follow","max-snippet":"max-snippet:-1","max-image-preview":"max-image-preview:large","max-video-preview":"max-video-preview:-1"},"canonical":"https:\/\/supatips.org\/fr\/","og_locale":"fr_FR","og_type":"article","og_title":"SupaTips: Football Predictions","og_description":"The most accurate football predictions on Supatips for free. Football betting is one of the most popular in the world of betting, because this sport is the most popular.","og_url":"https:\/\/supatips.org\/fr\/","og_site_name":"Supatips: Football Predictions","article_modified_time":"2024-12-05T22:24:21+00:00","og_image":[{"url":"https:\/\/supatips.org\/wp-content\/uploads\/2024\/12\/image.png"}],"twitter_card":"summary_large_image","twitter_misc":{"Dur\u00e9e de lecture estim\u00e9e":"5 minutes"},"schema":{"@context":"https:\/\/schema.org","@graph":[{"@type":"WebPage","@id":"https:\/\/supatips.org\/","url":"https:\/\/supatips.org\/","name":"SupaTips: Football Predictions","isPartOf":{"@id":"https:\/\/supatips.org\/#website"},"primaryImageOfPage":{"@id":"https:\/\/supatips.org\/#primaryimage"},"image":{"@id":"https:\/\/supatips.org\/#primaryimage"},"thumbnailUrl":"https:\/\/supatips.org\/wp-content\/uploads\/2024\/12\/image.png","datePublished":"2024-07-28T18:55:10+00:00","dateModified":"2024-12-05T22:24:21+00:00","description":"The most accurate football predictions on Supatips for free. Football betting is one of the most popular in the world of betting, because this sport is the most popular.","breadcrumb":{"@id":"https:\/\/supatips.org\/#breadcrumb"},"inLanguage":"fr-FR","potentialAction":[{"@type":"ReadAction","target":["https:\/\/supatips.org\/"]}]},{"@type":"ImageObject","inLanguage":"fr-FR","@id":"https:\/\/supatips.org\/#primaryimage","url":"https:\/\/supatips.org\/wp-content\/uploads\/2024\/12\/image.png","contentUrl":"https:\/\/supatips.org\/wp-content\/uploads\/2024\/12\/image.png","width":370,"height":230},{"@type":"BreadcrumbList","@id":"https:\/\/supatips.org\/#breadcrumb","itemListElement":[{"@type":"ListItem","position":1,"name":"\u0413\u043b\u0430\u0432\u043d\u0430\u044f \u0441\u0442\u0440\u0430\u043d\u0438\u0446\u0430","item":"https:\/\/supatips.org\/"},{"@type":"ListItem","position":2,"name":"SupaTips: Football Predictions"}]},{"@type":"WebSite","@id":"https:\/\/supatips.org\/#website","url":"https:\/\/supatips.org\/","name":"Supatips: Football Predictions","description":"The most accurate football predictions on Supatips for free. Football betting is one of the most popular in the world of betting, because this sport is the most popular.","publisher":{"@id":"https:\/\/supatips.org\/#organization"},"potentialAction":[{"@type":"SearchAction","target":{"@type":"EntryPoint","urlTemplate":"https:\/\/supatips.org\/?s={search_term_string}"},"query-input":"required name=search_term_string"}],"inLanguage":"fr-FR"},{"@type":"Organization","@id":"https:\/\/supatips.org\/#organization","name":"Supatips: Football Predictions","url":"https:\/\/supatips.org\/","logo":{"@type":"ImageObject","inLanguage":"fr-FR","@id":"https:\/\/supatips.org\/#\/schema\/logo\/image\/","url":"https:\/\/supatips.org\/wp-content\/uploads\/2024\/12\/videocall.png","contentUrl":"https:\/\/supatips.org\/wp-content\/uploads\/2024\/12\/videocall.png","width":202,"height":40,"caption":"Supatips: Football Predictions"},"image":{"@id":"https:\/\/supatips.org\/#\/schema\/logo\/image\/"}}]}},"_links":{"self":[{"href":"https:\/\/supatips.org\/fr\/wp-json\/wp\/v2\/pages\/18","targetHints":{"allow":["GET"]}}],"collection":[{"href":"https:\/\/supatips.org\/fr\/wp-json\/wp\/v2\/pages"}],"about":[{"href":"https:\/\/supatips.org\/fr\/wp-json\/wp\/v2\/types\/page"}],"author":[{"embeddable":true,"href":"https:\/\/supatips.org\/fr\/wp-json\/wp\/v2\/users\/1"}],"replies":[{"embeddable":true,"href":"https:\/\/supatips.org\/fr\/wp-json\/wp\/v2\/comments?post=18"}],"version-history":[{"count":10,"href":"https:\/\/supatips.org\/fr\/wp-json\/wp\/v2\/pages\/18\/revisions"}],"predecessor-version":[{"id":146,"href":"https:\/\/supatips.org\/fr\/wp-json\/wp\/v2\/pages\/18\/revisions\/146"}],"wp:attachment":[{"href":"https:\/\/supatips.org\/fr\/wp-json\/wp\/v2\/media?parent=18"}],"curies":[{"name":"wp","href":"https:\/\/api.w.org\/{rel}","templated":true}]}}