{"id":18,"date":"2024-07-28T18:55:10","date_gmt":"2024-07-28T18:55:10","guid":{"rendered":"https:\/\/supatips.org\/?page_id=18"},"modified":"2024-12-05T22:24:21","modified_gmt":"2024-12-05T22:24:21","slug":"soccervital-free-football-predictions-and-tips","status":"publish","type":"page","link":"https:\/\/supatips.org\/it\/","title":{"rendered":"SupaTips: Pronostici sul calcio"},"content":{"rendered":"<!-- Container for the iframe and loader -->\n    <div id=\"iframe-container\" style=\"position: relative; width: 100%;\">\n\n        <!-- Loading Bar -->\n        <div id=\"loader\" style=\"position: absolute; top: 0; left: 0; width: 100%; height: 100%; background-color: rgba(255, 255, 255, 0.9); display: flex; justify-content: center; align-items: center; flex-direction: column;\">\n            <div id=\"loader-bar\" style=\"width: 80%; height: 20px; background-color: #e0e0e0; border-radius: 10px; overflow: hidden; margin-bottom: 10px;\">\n                <div id=\"loader-progress\" style=\"width: 0%; height: 100%; background-color: #007bff;\"><\/div>\n            <\/div>\n            <p id=\"loader-text\" style=\"font-size: 16px; color: #333;\">Caricamento delle partite... <span id=\"countdown\">5<\/span> sec<\/p>\n        <\/div>\n\n        <!-- iFrame with the table -->\n        <iframe loading=\"lazy\" id=\"football-predictions-iframe\" src=\"https:\/\/soccervital.org\/full\/\" width=\"100%\" height=\"800\" frameborder=\"0\" scrolling=\"no\"><\/iframe>\n    <\/div>\n\n    <script>\n    \/\/ Function for the loader\n    document.addEventListener('DOMContentLoaded', function() {\n        var iframe = document.getElementById('football-predictions-iframe');\n        var loader = document.getElementById('loader');\n        var countdownElement = document.getElementById('countdown');\n        var loaderProgress = document.getElementById('loader-progress');\n        var countdown = 5; \/\/ Number of seconds for the countdown\n        var progress = 0; \/\/ Progress percentage\n\n        \/\/ Countdown timer\n        var countdownInterval = setInterval(function() {\n            countdown--;\n            progress += 20; \/\/ Since we have 5 seconds, we increase by 20% each second\n            countdownElement.textContent = countdown;\n            loaderProgress.style.width = progress + '%';\n\n            if (countdown <= 0) {\n                clearInterval(countdownInterval);\n            }\n        }, 1000);\n\n        \/\/ Function to hide the loader\n        function hideLoader() {\n            if (loader) {\n                loader.style.display = 'none';\n            }\n            clearInterval(countdownInterval);\n        }\n\n        \/\/ Hide the loader when the iframe is loaded\n        iframe.onload = function() {\n            hideLoader();\n        };\n\n        \/\/ Hide the loader after 5 seconds, if the iframe hasn't loaded yet\n        setTimeout(function() {\n            hideLoader();\n        }, 5000);\n    });\n    <\/script>\n    \n\n\n\n<h1 class=\"wp-block-heading\" id=\"h-supatips-football-predictions-and-tips\">Supatips: Pronostici e consigli sul calcio<\/h1>\n\n\n\n<h2 class=\"wp-block-heading\">Tutto quello che c'\u00e8 da sapere sulle scommesse sul calcio<\/h2>\n\n\n\n<p>Grazie alle informazioni contenute in questa sezione, \u00e8 possibile scoprire cosa sono realmente le scommesse sul calcio. Il materiale disponibile \u00e8 stato accuratamente elaborato in modo che i visitatori ricevano le informazioni pi\u00f9 oneste e complete sulle scommesse sugli eventi calcistici. Grazie alla presenza di questa sezione, \u00e8 possibile semplificare notevolmente lo studio del mercato dei bookmaker e delle notizie dal mondo delle scommesse.<\/p>\n\n\n\n<p>\u00c8 molto pi\u00f9 redditizio imparare a conoscere le scommesse sul calcio utilizzando un sito collaudato e affidabile. SupaTips si impegna al massimo per far s\u00ec che i nostri clienti si divertano a utilizzare la risorsa. Tutte le informazioni disponibili sono verificate e affidabili, e viene effettuato un monitoraggio costante dei cambiamenti, che ci permette di fornire informazioni sempre aggiornate.<\/p>\n\n\n\n<p>Ottenere informazioni utili e importanti sui bookmaker sul calcio rende il processo di scommessa pi\u00f9 facile e redditizio per tutti gli scommettitori. SupaTips fa ogni sforzo e opportunit\u00e0 per garantire che abbiate tutte le informazioni necessarie sulle scommesse sportive nei bookmaker legali.<\/p>\n\n\n\n<figure class=\"wp-block-image size-full\"><img loading=\"lazy\" decoding=\"async\" width=\"370\" height=\"230\" src=\"https:\/\/supatips.org\/wp-content\/uploads\/2024\/12\/image.png\" alt=\"Supatips: Pronostici e consigli sul calcio\" class=\"wp-image-145\" srcset=\"https:\/\/supatips.org\/wp-content\/uploads\/2024\/12\/image.png 370w, https:\/\/supatips.org\/wp-content\/uploads\/2024\/12\/image-300x186.png 300w, https:\/\/supatips.org\/wp-content\/uploads\/2024\/12\/image-18x12.png 18w, https:\/\/supatips.org\/wp-content\/uploads\/2024\/12\/image-64x40.png 64w, https:\/\/supatips.org\/wp-content\/uploads\/2024\/12\/image-51x32.png 51w, https:\/\/supatips.org\/wp-content\/uploads\/2024\/12\/image-113x70.png 113w, https:\/\/supatips.org\/wp-content\/uploads\/2024\/12\/image-129x80.png 129w, https:\/\/supatips.org\/wp-content\/uploads\/2024\/12\/image-217x135.png 217w\" sizes=\"auto, (max-width: 370px) 100vw, 370px\" \/><\/figure>\n\n\n\n<h2 class=\"wp-block-heading\" id=\"h-how-are-football-matches-analyzed\">Come vengono analizzate le partite di calcio?<\/h2>\n\n\n\n<p>La maggior parte dei tifosi crede di essere esperta di sport e di poter calcolare autonomamente chi vincer\u00e0 la prossima partita di calcio. Ma analizzare il calcio non \u00e8 cos\u00ec facile come pu\u00f2 sembrare. Ecco perch\u00e9 i pronostici sportivi degli analisti professionisti sono cos\u00ec preziosi.<\/p>\n\n\n\n<p>\u00c8 quasi impossibile ottenere un pronostico calcistico assolutamente accurato: l'esito della partita \u00e8 influenzato da molti fattori. Spesso accade che lo sfavorito vinca inaspettatamente. Questo \u00e8 influenzato dal tempo, dall'esperienza dei giocatori, dalla tensione della partita precedente.<\/p>\n\n\n\n<p>SupaTips fornisce pronostici professionali realizzati non solo da esperti, ma spesso anche da atleti famosi, commentatori o blogger popolari. Non lo fanno come specialisti, ma esprimono semplicemente la loro opinione. Un analista di calcio professionista, invece, effettua uno studio dettagliato per mostrare la qualit\u00e0 del risultato della partita.<\/p>\n\n\n\n<p>I pronostici calcistici dei professionisti si formano in due modi: sulla base di statistiche o di analisi. Nel primo caso, la probabilit\u00e0 di vittoria pu\u00f2 essere stimata rispetto ai risultati delle partite precedenti della squadra o dei singoli giocatori, cosa che spesso viene fatta grazie a programmi speciali.<\/p>\n\n\n\n<p>Il risultato di una partita di calcio \u00e8 influenzato dai seguenti fattori:<\/p>\n\n\n\n<ol class=\"wp-block-list\">\n<li>Il proprio campo o quello di qualcun altro in cui si svolge il gioco.<\/li>\n\n\n\n<li>Preparazione fisica di ogni giocatore, soprattutto di quelli chiave.<\/li>\n\n\n\n<li>Eventi recenti che potrebbero aver influenzato la condizione della squadra.<\/li>\n\n\n\n<li>Giocatori della squadra che si sono recentemente infortunati.<\/li>\n\n\n\n<li>Da quanto tempo gioca la squadra, qual \u00e8 la pausa tra le partite?<\/li>\n<\/ol>\n\n\n\n<p>Il secondo metodo di previsione per le scommesse consiste nello studio di questi dati. Il calcolo analitico deve essere effettuato solo da maestri esperti che conoscono bene il calcio. \u00c8 necessario basarsi non solo sulle statistiche, ma anche su fatti, eventi recenti, informazioni sulla squadra. I risultati dell'analisi sono pi\u00f9 accurati rispetto agli studi statistici.<\/p>\n\n\n\n<h2 class=\"wp-block-heading\" id=\"h-advantages-of-supatips\">Vantaggi di Supatips<\/h2>\n\n\n\n<ul class=\"wp-block-list\">\n<li>La maggior parte delle previsioni professionali sono a pagamento e per accedervi \u00e8 necessario abbonarsi o acquistare un abbonamento speciale. Con SupaTips \u00e8 possibile consultare quelle gratuite senza restrizioni di accesso.<\/li>\n\n\n\n<li><strong>Professionalit\u00e0.<\/strong>\u00a0Tutti i pronostici sono realizzati da specialisti, analisti esperti che studiano nel dettaglio ogni fattore che pu\u00f2 influenzare una partita di calcio. L'esperienza di SupaTips aumenta la probabilit\u00e0 di vincere la scommessa pi\u00f9 volte.<\/li>\n\n\n\n<li><strong>Informazioni teoriche.<\/strong>\u00a0Qui troverete molte informazioni interessanti e utili. Oltre ai pronostici sportivi gratuiti, potrete conoscere i dati teorici che vi aiuteranno ad analizzare le partite da soli.<\/li>\n\n\n\n<li><strong>Partite locali e mondiali.<\/strong>\u00a0Analizziamo le partite delle squadre ucraine e i risultati dei vari campionati mondiali.<\/li>\n<\/ul>\n\n\n\n<p>Prendiamo in considerazione tutti i fattori che contribuiscono a formare i risultati pi\u00f9 accurati delle partite di calcio di oggi. I pronostici gratuiti di SupaTips saranno la chiave della vostra vittoria nelle scommesse. Ogni scommettitore pu\u00f2 essere certo di ricevere qui informazioni di qualit\u00e0, che renderanno la scommessa pi\u00f9 vincente e vi aiuteranno a ottenere maggiori entrate.<\/p>\n\n\n\n<p>La classificazione dei siti con previsioni sportive \u00e8 destinata allo sviluppo informativo degli utenti che sono interessati alle offerte attuali dei previsori o che vogliono cimentarsi nella compilazione e nella vendita dei propri calcoli analitici.<\/p>\n\n\n\n<h2 class=\"wp-block-heading\">A cosa servono i siti di previsione?<\/h2>\n\n\n\n<p>I giocatori esperti e i neofiti delle scommesse sportive sono alla ricerca di pronostici a pagamento e gratuiti con giustificazione. La domanda principale che interessa ogni scommettitore \u00e8 dove trovare un sito di previsioni sportive che fornisca una giustificazione dettagliata, pubblichi regolarmente nuove analisi, dimostri una dinamica positiva e non corregga le statistiche.<\/p>\n\n\n\n<p>La necessit\u00e0 di siti web di questo tipo per i principianti \u00e8 dettata dall'esigenza di conoscere in modo pi\u00f9 approfondito le regole per la formulazione delle previsioni e la selezione dei criteri di valutazione. Un'altra opzione per l'utilizzo di analisi a pagamento e gratuite \u00e8 quella di scegliere un capper di successo e seguire rigorosamente le sue tariffe per ottenere un profitto garantito su una lunga distanza.<\/p>\n\n\n\n<h2 class=\"wp-block-heading\">Segni e cause di frode<\/h2>\n\n\n\n<p>L'adeguamento delle statistiche \u00e8 il principale flagello di queste risorse. Team di capper senza scrupoli approfittano del fatto che i visitatori non hanno la possibilit\u00e0 di commentare le pubblicazioni sul sito e i post sui social network. Il blocco dei commenti \u00e8 uno dei primi segnali di frode. I siti di pronostici sportivi che non hanno nulla da nascondere non chiudono mai i commenti. Questo viene fatto per ingannare i potenziali clienti, ai quali nessuno sar\u00e0 in grado di fornire informazioni veritiere.<\/p>\n\n\n\n<p>Abbiamo assunto il ruolo di arbitro e selezionato per voi i siti di pronostici sportivi a pagamento e gratuiti che godono della migliore reputazione e non sono stati notati in vere e proprie frodi. Sulle pagine di queste risorse, ognuno trover\u00e0 qualcosa di suo gradimento: la possibilit\u00e0 di leggere le opinioni di altri giocatori sulla partita, le previsioni dei professionisti, i dati statistici e articoli utili sui bookmaker e le loro regole.<\/p>\n\n\n\n<p>La nostra valutazione non \u00e8 un prodotto pubblicitario, ma si basa su uno studio reale e sull'uso pratico delle capacit\u00e0 di ciascuno dei servizi presentati. Nessuno pu\u00f2 garantirvi un profitto, ma le visite regolari e lo studio attento dei siti del nostro rating hanno un effetto positivo sul comportamento degli scommettitori durante il gioco e sulle statistiche dei loro risultati.<\/p>","protected":false},"excerpt":{"rendered":"<p>Supatips: Pronostici e consigli sul calcio Tutto quello che c'\u00e8 da sapere sulle scommesse sul calcio Utilizzando le informazioni contenute in questa sezione, \u00e8 possibile scoprire cosa sono realmente le scommesse sul calcio. I materiali disponibili sono stati elaborati con cura, in modo che i visitatori ricevano le informazioni pi\u00f9 oneste e complete sulle scommesse sugli eventi calcistici. Grazie alla comparsa di [...]<\/p>","protected":false},"author":1,"featured_media":0,"parent":0,"menu_order":0,"comment_status":"closed","ping_status":"closed","template":"page-without-title.php","meta":{"footnotes":""},"class_list":["post-18","page","type-page","status-publish","hentry"],"yoast_head":"<!-- This site is optimized with the Yoast SEO Premium plugin v22.2 (Yoast SEO v22.2) - https:\/\/yoast.com\/wordpress\/plugins\/seo\/ -->\n<title>SupaTips: Football Predictions<\/title>\n<meta name=\"description\" content=\"The most accurate football predictions on Supatips for free. Football betting is one of the most popular in the world of betting, because this sport is the most popular.\" \/>\n<meta name=\"robots\" content=\"index, follow, max-snippet:-1, max-image-preview:large, max-video-preview:-1\" \/>\n<link rel=\"canonical\" href=\"https:\/\/supatips.org\/it\/\" \/>\n<meta property=\"og:locale\" content=\"it_IT\" \/>\n<meta property=\"og:type\" content=\"article\" \/>\n<meta property=\"og:title\" content=\"SupaTips: Football Predictions\" \/>\n<meta property=\"og:description\" content=\"The most accurate football predictions on Supatips for free. Football betting is one of the most popular in the world of betting, because this sport is the most popular.\" \/>\n<meta property=\"og:url\" content=\"https:\/\/supatips.org\/it\/\" \/>\n<meta property=\"og:site_name\" content=\"Supatips: Football Predictions\" \/>\n<meta property=\"article:modified_time\" content=\"2024-12-05T22:24:21+00:00\" \/>\n<meta property=\"og:image\" content=\"https:\/\/supatips.org\/wp-content\/uploads\/2024\/12\/image.png\" \/>\n<meta name=\"twitter:card\" content=\"summary_large_image\" \/>\n<meta name=\"twitter:label1\" content=\"Tempo di lettura stimato\" \/>\n\t<meta name=\"twitter:data1\" content=\"5 minuti\" \/>\n<script type=\"application\/ld+json\" class=\"yoast-schema-graph\">{\"@context\":\"https:\/\/schema.org\",\"@graph\":[{\"@type\":\"WebPage\",\"@id\":\"https:\/\/supatips.org\/\",\"url\":\"https:\/\/supatips.org\/\",\"name\":\"SupaTips: Football Predictions\",\"isPartOf\":{\"@id\":\"https:\/\/supatips.org\/#website\"},\"primaryImageOfPage\":{\"@id\":\"https:\/\/supatips.org\/#primaryimage\"},\"image\":{\"@id\":\"https:\/\/supatips.org\/#primaryimage\"},\"thumbnailUrl\":\"https:\/\/supatips.org\/wp-content\/uploads\/2024\/12\/image.png\",\"datePublished\":\"2024-07-28T18:55:10+00:00\",\"dateModified\":\"2024-12-05T22:24:21+00:00\",\"description\":\"The most accurate football predictions on Supatips for free. Football betting is one of the most popular in the world of betting, because this sport is the most popular.\",\"breadcrumb\":{\"@id\":\"https:\/\/supatips.org\/#breadcrumb\"},\"inLanguage\":\"it-IT\",\"potentialAction\":[{\"@type\":\"ReadAction\",\"target\":[\"https:\/\/supatips.org\/\"]}]},{\"@type\":\"ImageObject\",\"inLanguage\":\"it-IT\",\"@id\":\"https:\/\/supatips.org\/#primaryimage\",\"url\":\"https:\/\/supatips.org\/wp-content\/uploads\/2024\/12\/image.png\",\"contentUrl\":\"https:\/\/supatips.org\/wp-content\/uploads\/2024\/12\/image.png\",\"width\":370,\"height\":230},{\"@type\":\"BreadcrumbList\",\"@id\":\"https:\/\/supatips.org\/#breadcrumb\",\"itemListElement\":[{\"@type\":\"ListItem\",\"position\":1,\"name\":\"\u0413\u043b\u0430\u0432\u043d\u0430\u044f \u0441\u0442\u0440\u0430\u043d\u0438\u0446\u0430\",\"item\":\"https:\/\/supatips.org\/\"},{\"@type\":\"ListItem\",\"position\":2,\"name\":\"SupaTips: Football Predictions\"}]},{\"@type\":\"WebSite\",\"@id\":\"https:\/\/supatips.org\/#website\",\"url\":\"https:\/\/supatips.org\/\",\"name\":\"Supatips: Football Predictions\",\"description\":\"The most accurate football predictions on Supatips for free. Football betting is one of the most popular in the world of betting, because this sport is the most popular.\",\"publisher\":{\"@id\":\"https:\/\/supatips.org\/#organization\"},\"potentialAction\":[{\"@type\":\"SearchAction\",\"target\":{\"@type\":\"EntryPoint\",\"urlTemplate\":\"https:\/\/supatips.org\/?s={search_term_string}\"},\"query-input\":\"required name=search_term_string\"}],\"inLanguage\":\"it-IT\"},{\"@type\":\"Organization\",\"@id\":\"https:\/\/supatips.org\/#organization\",\"name\":\"Supatips: Football Predictions\",\"url\":\"https:\/\/supatips.org\/\",\"logo\":{\"@type\":\"ImageObject\",\"inLanguage\":\"it-IT\",\"@id\":\"https:\/\/supatips.org\/#\/schema\/logo\/image\/\",\"url\":\"https:\/\/supatips.org\/wp-content\/uploads\/2024\/12\/videocall.png\",\"contentUrl\":\"https:\/\/supatips.org\/wp-content\/uploads\/2024\/12\/videocall.png\",\"width\":202,\"height\":40,\"caption\":\"Supatips: Football Predictions\"},\"image\":{\"@id\":\"https:\/\/supatips.org\/#\/schema\/logo\/image\/\"}}]}<\/script>\n<!-- \/ Yoast SEO Premium plugin. -->","yoast_head_json":{"title":"SupaTips: Football Predictions","description":"The most accurate football predictions on Supatips for free. Football betting is one of the most popular in the world of betting, because this sport is the most popular.","robots":{"index":"index","follow":"follow","max-snippet":"max-snippet:-1","max-image-preview":"max-image-preview:large","max-video-preview":"max-video-preview:-1"},"canonical":"https:\/\/supatips.org\/it\/","og_locale":"it_IT","og_type":"article","og_title":"SupaTips: Football Predictions","og_description":"The most accurate football predictions on Supatips for free. Football betting is one of the most popular in the world of betting, because this sport is the most popular.","og_url":"https:\/\/supatips.org\/it\/","og_site_name":"Supatips: Football Predictions","article_modified_time":"2024-12-05T22:24:21+00:00","og_image":[{"url":"https:\/\/supatips.org\/wp-content\/uploads\/2024\/12\/image.png"}],"twitter_card":"summary_large_image","twitter_misc":{"Tempo di lettura stimato":"5 minuti"},"schema":{"@context":"https:\/\/schema.org","@graph":[{"@type":"WebPage","@id":"https:\/\/supatips.org\/","url":"https:\/\/supatips.org\/","name":"SupaTips: Football Predictions","isPartOf":{"@id":"https:\/\/supatips.org\/#website"},"primaryImageOfPage":{"@id":"https:\/\/supatips.org\/#primaryimage"},"image":{"@id":"https:\/\/supatips.org\/#primaryimage"},"thumbnailUrl":"https:\/\/supatips.org\/wp-content\/uploads\/2024\/12\/image.png","datePublished":"2024-07-28T18:55:10+00:00","dateModified":"2024-12-05T22:24:21+00:00","description":"The most accurate football predictions on Supatips for free. Football betting is one of the most popular in the world of betting, because this sport is the most popular.","breadcrumb":{"@id":"https:\/\/supatips.org\/#breadcrumb"},"inLanguage":"it-IT","potentialAction":[{"@type":"ReadAction","target":["https:\/\/supatips.org\/"]}]},{"@type":"ImageObject","inLanguage":"it-IT","@id":"https:\/\/supatips.org\/#primaryimage","url":"https:\/\/supatips.org\/wp-content\/uploads\/2024\/12\/image.png","contentUrl":"https:\/\/supatips.org\/wp-content\/uploads\/2024\/12\/image.png","width":370,"height":230},{"@type":"BreadcrumbList","@id":"https:\/\/supatips.org\/#breadcrumb","itemListElement":[{"@type":"ListItem","position":1,"name":"\u0413\u043b\u0430\u0432\u043d\u0430\u044f \u0441\u0442\u0440\u0430\u043d\u0438\u0446\u0430","item":"https:\/\/supatips.org\/"},{"@type":"ListItem","position":2,"name":"SupaTips: Football Predictions"}]},{"@type":"WebSite","@id":"https:\/\/supatips.org\/#website","url":"https:\/\/supatips.org\/","name":"Supatips: Football Predictions","description":"The most accurate football predictions on Supatips for free. Football betting is one of the most popular in the world of betting, because this sport is the most popular.","publisher":{"@id":"https:\/\/supatips.org\/#organization"},"potentialAction":[{"@type":"SearchAction","target":{"@type":"EntryPoint","urlTemplate":"https:\/\/supatips.org\/?s={search_term_string}"},"query-input":"required name=search_term_string"}],"inLanguage":"it-IT"},{"@type":"Organization","@id":"https:\/\/supatips.org\/#organization","name":"Supatips: Football Predictions","url":"https:\/\/supatips.org\/","logo":{"@type":"ImageObject","inLanguage":"it-IT","@id":"https:\/\/supatips.org\/#\/schema\/logo\/image\/","url":"https:\/\/supatips.org\/wp-content\/uploads\/2024\/12\/videocall.png","contentUrl":"https:\/\/supatips.org\/wp-content\/uploads\/2024\/12\/videocall.png","width":202,"height":40,"caption":"Supatips: Football Predictions"},"image":{"@id":"https:\/\/supatips.org\/#\/schema\/logo\/image\/"}}]}},"_links":{"self":[{"href":"https:\/\/supatips.org\/it\/wp-json\/wp\/v2\/pages\/18","targetHints":{"allow":["GET"]}}],"collection":[{"href":"https:\/\/supatips.org\/it\/wp-json\/wp\/v2\/pages"}],"about":[{"href":"https:\/\/supatips.org\/it\/wp-json\/wp\/v2\/types\/page"}],"author":[{"embeddable":true,"href":"https:\/\/supatips.org\/it\/wp-json\/wp\/v2\/users\/1"}],"replies":[{"embeddable":true,"href":"https:\/\/supatips.org\/it\/wp-json\/wp\/v2\/comments?post=18"}],"version-history":[{"count":10,"href":"https:\/\/supatips.org\/it\/wp-json\/wp\/v2\/pages\/18\/revisions"}],"predecessor-version":[{"id":146,"href":"https:\/\/supatips.org\/it\/wp-json\/wp\/v2\/pages\/18\/revisions\/146"}],"wp:attachment":[{"href":"https:\/\/supatips.org\/it\/wp-json\/wp\/v2\/media?parent=18"}],"curies":[{"name":"wp","href":"https:\/\/api.w.org\/{rel}","templated":true}]}}