{"id":18,"date":"2024-07-28T18:55:10","date_gmt":"2024-07-28T18:55:10","guid":{"rendered":"https:\/\/supatips.org\/?page_id=18"},"modified":"2024-12-05T22:24:21","modified_gmt":"2024-12-05T22:24:21","slug":"soccervital-free-football-predictions-and-tips","status":"publish","type":"page","link":"https:\/\/supatips.org\/pt\/","title":{"rendered":"SupaTips: Previs\u00f5es de futebol"},"content":{"rendered":"<!-- Container for the iframe and loader -->\n    <div id=\"iframe-container\" style=\"position: relative; width: 100%;\">\n\n        <!-- Loading Bar -->\n        <div id=\"loader\" style=\"position: absolute; top: 0; left: 0; width: 100%; height: 100%; background-color: rgba(255, 255, 255, 0.9); display: flex; justify-content: center; align-items: center; flex-direction: column;\">\n            <div id=\"loader-bar\" style=\"width: 80%; height: 20px; background-color: #e0e0e0; border-radius: 10px; overflow: hidden; margin-bottom: 10px;\">\n                <div id=\"loader-progress\" style=\"width: 0%; height: 100%; background-color: #007bff;\"><\/div>\n            <\/div>\n            <p id=\"loader-text\" style=\"font-size: 16px; color: #333;\">Carregando partidas... <span id=\"countdown\">5<\/span> sec<\/p>\n        <\/div>\n\n        <!-- iFrame with the table -->\n        <iframe loading=\"lazy\" id=\"football-predictions-iframe\" src=\"https:\/\/soccervital.org\/full\/\" width=\"100%\" height=\"800\" frameborder=\"0\" scrolling=\"no\"><\/iframe>\n    <\/div>\n\n    <script>\n    \/\/ Function for the loader\n    document.addEventListener('DOMContentLoaded', function() {\n        var iframe = document.getElementById('football-predictions-iframe');\n        var loader = document.getElementById('loader');\n        var countdownElement = document.getElementById('countdown');\n        var loaderProgress = document.getElementById('loader-progress');\n        var countdown = 5; \/\/ Number of seconds for the countdown\n        var progress = 0; \/\/ Progress percentage\n\n        \/\/ Countdown timer\n        var countdownInterval = setInterval(function() {\n            countdown--;\n            progress += 20; \/\/ Since we have 5 seconds, we increase by 20% each second\n            countdownElement.textContent = countdown;\n            loaderProgress.style.width = progress + '%';\n\n            if (countdown <= 0) {\n                clearInterval(countdownInterval);\n            }\n        }, 1000);\n\n        \/\/ Function to hide the loader\n        function hideLoader() {\n            if (loader) {\n                loader.style.display = 'none';\n            }\n            clearInterval(countdownInterval);\n        }\n\n        \/\/ Hide the loader when the iframe is loaded\n        iframe.onload = function() {\n            hideLoader();\n        };\n\n        \/\/ Hide the loader after 5 seconds, if the iframe hasn't loaded yet\n        setTimeout(function() {\n            hideLoader();\n        }, 5000);\n    });\n    <\/script>\n    \n\n\n\n<h1 class=\"wp-block-heading\" id=\"h-supatips-football-predictions-and-tips\">Supatips: Previs\u00f5es e Dicas de Futebol<\/h1>\n\n\n\n<h2 class=\"wp-block-heading\">Tudo o que precisa de saber sobre as apostas no futebol<\/h2>\n\n\n\n<p>Utilizando as informa\u00e7\u00f5es desta sec\u00e7\u00e3o, pode descobrir o que s\u00e3o realmente as apostas no futebol. Os materiais dispon\u00edveis s\u00e3o cuidadosamente elaborados para que os visitantes recebam as informa\u00e7\u00f5es mais honestas e completas sobre as apostas em eventos futebol\u00edsticos. Gra\u00e7as ao aparecimento desta sec\u00e7\u00e3o, pode simplificar significativamente o estudo do mercado das casas de apostas e das not\u00edcias do mundo das apostas.<\/p>\n\n\n\n<p>\u00c9 muito mais rent\u00e1vel aprender sobre apostas de futebol utilizando um site comprovado e fi\u00e1vel. O SupaTips esfor\u00e7a-se ao m\u00e1ximo para que os nossos clientes desfrutem da utiliza\u00e7\u00e3o deste recurso. Todas as informa\u00e7\u00f5es dispon\u00edveis s\u00e3o verificadas e fi\u00e1veis, e \u00e9 efectuada uma monitoriza\u00e7\u00e3o constante das altera\u00e7\u00f5es, o que nos permite fornecer as informa\u00e7\u00f5es mais recentes.<\/p>\n\n\n\n<p>A obten\u00e7\u00e3o de informa\u00e7\u00f5es \u00fateis e importantes sobre as casas de apostas no futebol torna o processo de apostas mais f\u00e1cil e mais rent\u00e1vel para todos os apostadores. O SupaTips faz todos os esfor\u00e7os e oportunidades para garantir que tem toda a informa\u00e7\u00e3o necess\u00e1ria sobre as apostas desportivas em casas de apostas legais.<\/p>\n\n\n\n<figure class=\"wp-block-image size-full\"><img loading=\"lazy\" decoding=\"async\" width=\"370\" height=\"230\" src=\"https:\/\/supatips.org\/wp-content\/uploads\/2024\/12\/image.png\" alt=\"Supatips: Previs\u00f5es e Dicas de Futebol\" class=\"wp-image-145\" srcset=\"https:\/\/supatips.org\/wp-content\/uploads\/2024\/12\/image.png 370w, https:\/\/supatips.org\/wp-content\/uploads\/2024\/12\/image-300x186.png 300w, https:\/\/supatips.org\/wp-content\/uploads\/2024\/12\/image-18x12.png 18w, https:\/\/supatips.org\/wp-content\/uploads\/2024\/12\/image-64x40.png 64w, https:\/\/supatips.org\/wp-content\/uploads\/2024\/12\/image-51x32.png 51w, https:\/\/supatips.org\/wp-content\/uploads\/2024\/12\/image-113x70.png 113w, https:\/\/supatips.org\/wp-content\/uploads\/2024\/12\/image-129x80.png 129w, https:\/\/supatips.org\/wp-content\/uploads\/2024\/12\/image-217x135.png 217w\" sizes=\"auto, (max-width: 370px) 100vw, 370px\" \/><\/figure>\n\n\n\n<h2 class=\"wp-block-heading\" id=\"h-how-are-football-matches-analyzed\">Como \u00e9 que os jogos de futebol s\u00e3o analisados?<\/h2>\n\n\n\n<p>A maioria dos adeptos acredita que \u00e9 bem versada em desporto e que pode calcular de forma independente quem vai ganhar o pr\u00f3ximo jogo de futebol. Mas analisar o futebol n\u00e3o \u00e9 t\u00e3o f\u00e1cil como pode parecer. \u00c9 por isso que as previs\u00f5es desportivas de analistas profissionais s\u00e3o t\u00e3o valiosas.<\/p>\n\n\n\n<p>\u00c9 quase imposs\u00edvel obter uma previs\u00e3o absolutamente exacta do futebol - o resultado do jogo \u00e9 influenciado por muitos factores. Acontece frequentemente que o azar\u00e3o ganha inesperadamente. Este facto \u00e9 influenciado pelas condi\u00e7\u00f5es meteorol\u00f3gicas, pela experi\u00eancia dos jogadores e pela tens\u00e3o do jogo anterior.<\/p>\n\n\n\n<p>O SupaTips fornece previs\u00f5es profissionais feitas n\u00e3o s\u00f3 por especialistas, mas muitas vezes por atletas famosos, comentadores ou bloggers populares. Eles n\u00e3o o fazem como especialistas, mas simplesmente expressam a sua opini\u00e3o. Um analista de futebol profissional, por outro lado, efectua um estudo detalhado para mostrar o resultado de qualidade do jogo.<\/p>\n\n\n\n<p>As previs\u00f5es de futebol dos profissionais s\u00e3o feitas de duas formas: com base em estat\u00edsticas ou an\u00e1lises. No primeiro caso, a probabilidade de ganhar pode ser estimada em compara\u00e7\u00e3o com os resultados de jogos anteriores da equipa ou de jogadores individuais, o que \u00e9 frequentemente feito gra\u00e7as a programas especiais.<\/p>\n\n\n\n<p>O resultado de um jogo de futebol \u00e9 influenciado pelos seguintes factores:<\/p>\n\n\n\n<ol class=\"wp-block-list\">\n<li>O campo, pr\u00f3prio ou alheio, onde se desenrola o jogo.<\/li>\n\n\n\n<li>Prepara\u00e7\u00e3o f\u00edsica de cada jogador, especialmente dos mais importantes.<\/li>\n\n\n\n<li>Acontecimentos recentes que poderiam ter afetado a situa\u00e7\u00e3o da equipa.<\/li>\n\n\n\n<li>Jogadores da equipa que se lesionaram recentemente.<\/li>\n\n\n\n<li>H\u00e1 quanto tempo \u00e9 que a equipa joga, qual \u00e9 o intervalo entre os jogos?<\/li>\n<\/ol>\n\n\n\n<p>O segundo m\u00e9todo de previs\u00e3o das apostas consiste no estudo destes dados. O c\u00e1lculo anal\u00edtico deve ser efectuado apenas por mestres experientes e bem versados no futebol. \u00c9 necess\u00e1rio basear-se n\u00e3o s\u00f3 em estat\u00edsticas, mas tamb\u00e9m em factos, acontecimentos recentes, informa\u00e7\u00f5es sobre a equipa. Os resultados da an\u00e1lise s\u00e3o mais exactos, em compara\u00e7\u00e3o com os estudos estat\u00edsticos.<\/p>\n\n\n\n<h2 class=\"wp-block-heading\" id=\"h-advantages-of-supatips\">Vantagens do Supatips<\/h2>\n\n\n\n<ul class=\"wp-block-list\">\n<li>A maioria das previs\u00f5es profissionais s\u00e3o pagas e, para aceder a elas, \u00e9 necess\u00e1rio subscrever ou comprar uma assinatura especial. Com o SupaTips, pode ver as previs\u00f5es gratuitas sem restri\u00e7\u00f5es de acesso.<\/li>\n\n\n\n<li><strong>Profissionalismo.<\/strong>\u00a0Todas as previs\u00f5es s\u00e3o feitas por especialistas, analistas experientes que estudam em pormenor todos os factores que podem afetar um jogo de futebol. A experi\u00eancia do SupaTips aumenta a probabilidade de ganhar a sua aposta v\u00e1rias vezes.<\/li>\n\n\n\n<li><strong>Informa\u00e7\u00e3o te\u00f3rica.<\/strong>\u00a0Aqui encontrar\u00e1 muitas informa\u00e7\u00f5es interessantes e \u00fateis. Para al\u00e9m das previs\u00f5es desportivas gratuitas, pode familiarizar-se com dados te\u00f3ricos que o ajudar\u00e3o a analisar os jogos.<\/li>\n\n\n\n<li><strong>Jogos locais e mundiais.<\/strong>\u00a0Analisamos os jogos das equipas ucranianas e os resultados de v\u00e1rios campeonatos mundiais.<\/li>\n<\/ul>\n\n\n\n<p>Temos em conta todos os factores que ajudam a formar os resultados mais precisos dos jogos de futebol para hoje. As previs\u00f5es gratuitas do SupaTips ser\u00e3o a chave para a sua vit\u00f3ria nas apostas. Todos os apostadores podem ter a certeza de que receber\u00e3o aqui informa\u00e7\u00f5es de qualidade, que tornar\u00e3o a aposta mais bem sucedida e o ajudar\u00e3o a obter mais rendimentos.<\/p>\n\n\n\n<p>A classifica\u00e7\u00e3o dos s\u00edtios com previs\u00f5es desportivas destina-se ao desenvolvimento da informa\u00e7\u00e3o dos utilizadores interessados nas ofertas actuais dos analistas de previs\u00f5es ou que queiram experimentar compilar e vender os seus pr\u00f3prios c\u00e1lculos anal\u00edticos.<\/p>\n\n\n\n<h2 class=\"wp-block-heading\">Para que servem os s\u00edtios de previs\u00e3o?<\/h2>\n\n\n\n<p>Os jogadores experientes e os rec\u00e9m-chegados \u00e0s apostas desportivas procuram previs\u00f5es pagas e gratuitas com justifica\u00e7\u00e3o. A principal quest\u00e3o que interessa a todos os apostadores \u00e9 saber onde encontrar um s\u00edtio de previs\u00f5es desportivas que forne\u00e7a uma justifica\u00e7\u00e3o detalhada, publique regularmente novas an\u00e1lises, demonstre uma din\u00e2mica positiva e n\u00e3o corrija estat\u00edsticas.<\/p>\n\n\n\n<p>A necessidade de tais s\u00edtios Web para principiantes \u00e9 ditada pela necessidade de se familiarizar mais detalhadamente com as regras para fazer previs\u00f5es e selecionar crit\u00e9rios de avalia\u00e7\u00e3o. Outra op\u00e7\u00e3o para a utiliza\u00e7\u00e3o de an\u00e1lises pagas e gratuitas \u00e9 escolher um capper bem sucedido e seguir rigorosamente as suas taxas, a fim de obter um lucro garantido a longa dist\u00e2ncia.<\/p>\n\n\n\n<h2 class=\"wp-block-heading\">Sinais e causas de fraude<\/h2>\n\n\n\n<p>O ajustamento das estat\u00edsticas \u00e9 o principal flagelo deste tipo de recursos. Equipas sem escr\u00fapulos de cappers aproveitam-se do facto de os visitantes n\u00e3o terem a oportunidade de comentar as publica\u00e7\u00f5es no s\u00edtio e as mensagens nas redes sociais. O bloqueio de coment\u00e1rios \u00e9 um dos primeiros sinais de fraude. Os sites de progn\u00f3sticos desportivos que n\u00e3o t\u00eam nada a esconder nunca fecham os coment\u00e1rios. Isto \u00e9 feito para induzir em erro os potenciais clientes, a quem ningu\u00e9m poder\u00e1 fornecer informa\u00e7\u00f5es verdadeiras.<\/p>\n\n\n\n<p>Assumimos o papel de \u00e1rbitro e selecion\u00e1mos para si os sites com previs\u00f5es desportivas pagas e gratuitas que t\u00eam a melhor reputa\u00e7\u00e3o e que n\u00e3o foram alvo de fraude. Nas p\u00e1ginas destes recursos, todos encontrar\u00e3o algo a seu gosto - a oportunidade de ler as opini\u00f5es de outros jogadores sobre o jogo, previs\u00f5es de profissionais, dados estat\u00edsticos e artigos \u00fateis sobre as casas de apostas e as suas regras.<\/p>\n\n\n\n<p>A nossa classifica\u00e7\u00e3o n\u00e3o \u00e9 um produto publicit\u00e1rio, baseia-se num estudo real e na utiliza\u00e7\u00e3o pr\u00e1tica das capacidades de cada um dos servi\u00e7os apresentados. Ningu\u00e9m pode garantir-lhe lucro, mas as visitas regulares e o estudo cuidadoso dos s\u00edtios da nossa classifica\u00e7\u00e3o t\u00eam um efeito positivo no comportamento dos apostadores durante o jogo e nas estat\u00edsticas dos seus resultados.<\/p>","protected":false},"excerpt":{"rendered":"<p>Supatips: Previs\u00f5es e dicas de futebol Tudo o que precisa de saber sobre as apostas no futebol Utilizando as informa\u00e7\u00f5es desta sec\u00e7\u00e3o, pode descobrir o que s\u00e3o realmente as apostas no futebol. Os materiais dispon\u00edveis s\u00e3o cuidadosamente elaborados para que os visitantes recebam a informa\u00e7\u00e3o mais honesta e completa sobre as apostas em eventos futebol\u00edsticos. Gra\u00e7as ao aparecimento de [...]<\/p>","protected":false},"author":1,"featured_media":0,"parent":0,"menu_order":0,"comment_status":"closed","ping_status":"closed","template":"page-without-title.php","meta":{"footnotes":""},"class_list":["post-18","page","type-page","status-publish","hentry"],"yoast_head":"<!-- This site is optimized with the Yoast SEO Premium plugin v22.2 (Yoast SEO v22.2) - https:\/\/yoast.com\/wordpress\/plugins\/seo\/ -->\n<title>SupaTips: Football Predictions<\/title>\n<meta name=\"description\" content=\"The most accurate football predictions on Supatips for free. Football betting is one of the most popular in the world of betting, because this sport is the most popular.\" \/>\n<meta name=\"robots\" content=\"index, follow, max-snippet:-1, max-image-preview:large, max-video-preview:-1\" \/>\n<link rel=\"canonical\" href=\"https:\/\/supatips.org\/pt\/\" \/>\n<meta property=\"og:locale\" content=\"pt_PT\" \/>\n<meta property=\"og:type\" content=\"article\" \/>\n<meta property=\"og:title\" content=\"SupaTips: Football Predictions\" \/>\n<meta property=\"og:description\" content=\"The most accurate football predictions on Supatips for free. Football betting is one of the most popular in the world of betting, because this sport is the most popular.\" \/>\n<meta property=\"og:url\" content=\"https:\/\/supatips.org\/pt\/\" \/>\n<meta property=\"og:site_name\" content=\"Supatips: Football Predictions\" \/>\n<meta property=\"article:modified_time\" content=\"2024-12-05T22:24:21+00:00\" \/>\n<meta property=\"og:image\" content=\"https:\/\/supatips.org\/wp-content\/uploads\/2024\/12\/image.png\" \/>\n<meta name=\"twitter:card\" content=\"summary_large_image\" \/>\n<meta name=\"twitter:label1\" content=\"Tempo estimado de leitura\" \/>\n\t<meta name=\"twitter:data1\" content=\"5 minutos\" \/>\n<script type=\"application\/ld+json\" class=\"yoast-schema-graph\">{\"@context\":\"https:\/\/schema.org\",\"@graph\":[{\"@type\":\"WebPage\",\"@id\":\"https:\/\/supatips.org\/\",\"url\":\"https:\/\/supatips.org\/\",\"name\":\"SupaTips: Football Predictions\",\"isPartOf\":{\"@id\":\"https:\/\/supatips.org\/#website\"},\"primaryImageOfPage\":{\"@id\":\"https:\/\/supatips.org\/#primaryimage\"},\"image\":{\"@id\":\"https:\/\/supatips.org\/#primaryimage\"},\"thumbnailUrl\":\"https:\/\/supatips.org\/wp-content\/uploads\/2024\/12\/image.png\",\"datePublished\":\"2024-07-28T18:55:10+00:00\",\"dateModified\":\"2024-12-05T22:24:21+00:00\",\"description\":\"The most accurate football predictions on Supatips for free. Football betting is one of the most popular in the world of betting, because this sport is the most popular.\",\"breadcrumb\":{\"@id\":\"https:\/\/supatips.org\/#breadcrumb\"},\"inLanguage\":\"pt-PT\",\"potentialAction\":[{\"@type\":\"ReadAction\",\"target\":[\"https:\/\/supatips.org\/\"]}]},{\"@type\":\"ImageObject\",\"inLanguage\":\"pt-PT\",\"@id\":\"https:\/\/supatips.org\/#primaryimage\",\"url\":\"https:\/\/supatips.org\/wp-content\/uploads\/2024\/12\/image.png\",\"contentUrl\":\"https:\/\/supatips.org\/wp-content\/uploads\/2024\/12\/image.png\",\"width\":370,\"height\":230},{\"@type\":\"BreadcrumbList\",\"@id\":\"https:\/\/supatips.org\/#breadcrumb\",\"itemListElement\":[{\"@type\":\"ListItem\",\"position\":1,\"name\":\"\u0413\u043b\u0430\u0432\u043d\u0430\u044f \u0441\u0442\u0440\u0430\u043d\u0438\u0446\u0430\",\"item\":\"https:\/\/supatips.org\/\"},{\"@type\":\"ListItem\",\"position\":2,\"name\":\"SupaTips: Football Predictions\"}]},{\"@type\":\"WebSite\",\"@id\":\"https:\/\/supatips.org\/#website\",\"url\":\"https:\/\/supatips.org\/\",\"name\":\"Supatips: Football Predictions\",\"description\":\"The most accurate football predictions on Supatips for free. Football betting is one of the most popular in the world of betting, because this sport is the most popular.\",\"publisher\":{\"@id\":\"https:\/\/supatips.org\/#organization\"},\"potentialAction\":[{\"@type\":\"SearchAction\",\"target\":{\"@type\":\"EntryPoint\",\"urlTemplate\":\"https:\/\/supatips.org\/?s={search_term_string}\"},\"query-input\":\"required name=search_term_string\"}],\"inLanguage\":\"pt-PT\"},{\"@type\":\"Organization\",\"@id\":\"https:\/\/supatips.org\/#organization\",\"name\":\"Supatips: Football Predictions\",\"url\":\"https:\/\/supatips.org\/\",\"logo\":{\"@type\":\"ImageObject\",\"inLanguage\":\"pt-PT\",\"@id\":\"https:\/\/supatips.org\/#\/schema\/logo\/image\/\",\"url\":\"https:\/\/supatips.org\/wp-content\/uploads\/2024\/12\/videocall.png\",\"contentUrl\":\"https:\/\/supatips.org\/wp-content\/uploads\/2024\/12\/videocall.png\",\"width\":202,\"height\":40,\"caption\":\"Supatips: Football Predictions\"},\"image\":{\"@id\":\"https:\/\/supatips.org\/#\/schema\/logo\/image\/\"}}]}<\/script>\n<!-- \/ Yoast SEO Premium plugin. -->","yoast_head_json":{"title":"SupaTips: Football Predictions","description":"The most accurate football predictions on Supatips for free. Football betting is one of the most popular in the world of betting, because this sport is the most popular.","robots":{"index":"index","follow":"follow","max-snippet":"max-snippet:-1","max-image-preview":"max-image-preview:large","max-video-preview":"max-video-preview:-1"},"canonical":"https:\/\/supatips.org\/pt\/","og_locale":"pt_PT","og_type":"article","og_title":"SupaTips: Football Predictions","og_description":"The most accurate football predictions on Supatips for free. Football betting is one of the most popular in the world of betting, because this sport is the most popular.","og_url":"https:\/\/supatips.org\/pt\/","og_site_name":"Supatips: Football Predictions","article_modified_time":"2024-12-05T22:24:21+00:00","og_image":[{"url":"https:\/\/supatips.org\/wp-content\/uploads\/2024\/12\/image.png"}],"twitter_card":"summary_large_image","twitter_misc":{"Tempo estimado de leitura":"5 minutos"},"schema":{"@context":"https:\/\/schema.org","@graph":[{"@type":"WebPage","@id":"https:\/\/supatips.org\/","url":"https:\/\/supatips.org\/","name":"SupaTips: Football Predictions","isPartOf":{"@id":"https:\/\/supatips.org\/#website"},"primaryImageOfPage":{"@id":"https:\/\/supatips.org\/#primaryimage"},"image":{"@id":"https:\/\/supatips.org\/#primaryimage"},"thumbnailUrl":"https:\/\/supatips.org\/wp-content\/uploads\/2024\/12\/image.png","datePublished":"2024-07-28T18:55:10+00:00","dateModified":"2024-12-05T22:24:21+00:00","description":"The most accurate football predictions on Supatips for free. Football betting is one of the most popular in the world of betting, because this sport is the most popular.","breadcrumb":{"@id":"https:\/\/supatips.org\/#breadcrumb"},"inLanguage":"pt-PT","potentialAction":[{"@type":"ReadAction","target":["https:\/\/supatips.org\/"]}]},{"@type":"ImageObject","inLanguage":"pt-PT","@id":"https:\/\/supatips.org\/#primaryimage","url":"https:\/\/supatips.org\/wp-content\/uploads\/2024\/12\/image.png","contentUrl":"https:\/\/supatips.org\/wp-content\/uploads\/2024\/12\/image.png","width":370,"height":230},{"@type":"BreadcrumbList","@id":"https:\/\/supatips.org\/#breadcrumb","itemListElement":[{"@type":"ListItem","position":1,"name":"\u0413\u043b\u0430\u0432\u043d\u0430\u044f \u0441\u0442\u0440\u0430\u043d\u0438\u0446\u0430","item":"https:\/\/supatips.org\/"},{"@type":"ListItem","position":2,"name":"SupaTips: Football Predictions"}]},{"@type":"WebSite","@id":"https:\/\/supatips.org\/#website","url":"https:\/\/supatips.org\/","name":"Supatips: Football Predictions","description":"The most accurate football predictions on Supatips for free. Football betting is one of the most popular in the world of betting, because this sport is the most popular.","publisher":{"@id":"https:\/\/supatips.org\/#organization"},"potentialAction":[{"@type":"SearchAction","target":{"@type":"EntryPoint","urlTemplate":"https:\/\/supatips.org\/?s={search_term_string}"},"query-input":"required name=search_term_string"}],"inLanguage":"pt-PT"},{"@type":"Organization","@id":"https:\/\/supatips.org\/#organization","name":"Supatips: Football Predictions","url":"https:\/\/supatips.org\/","logo":{"@type":"ImageObject","inLanguage":"pt-PT","@id":"https:\/\/supatips.org\/#\/schema\/logo\/image\/","url":"https:\/\/supatips.org\/wp-content\/uploads\/2024\/12\/videocall.png","contentUrl":"https:\/\/supatips.org\/wp-content\/uploads\/2024\/12\/videocall.png","width":202,"height":40,"caption":"Supatips: Football Predictions"},"image":{"@id":"https:\/\/supatips.org\/#\/schema\/logo\/image\/"}}]}},"_links":{"self":[{"href":"https:\/\/supatips.org\/pt\/wp-json\/wp\/v2\/pages\/18","targetHints":{"allow":["GET"]}}],"collection":[{"href":"https:\/\/supatips.org\/pt\/wp-json\/wp\/v2\/pages"}],"about":[{"href":"https:\/\/supatips.org\/pt\/wp-json\/wp\/v2\/types\/page"}],"author":[{"embeddable":true,"href":"https:\/\/supatips.org\/pt\/wp-json\/wp\/v2\/users\/1"}],"replies":[{"embeddable":true,"href":"https:\/\/supatips.org\/pt\/wp-json\/wp\/v2\/comments?post=18"}],"version-history":[{"count":10,"href":"https:\/\/supatips.org\/pt\/wp-json\/wp\/v2\/pages\/18\/revisions"}],"predecessor-version":[{"id":146,"href":"https:\/\/supatips.org\/pt\/wp-json\/wp\/v2\/pages\/18\/revisions\/146"}],"wp:attachment":[{"href":"https:\/\/supatips.org\/pt\/wp-json\/wp\/v2\/media?parent=18"}],"curies":[{"name":"wp","href":"https:\/\/api.w.org\/{rel}","templated":true}]}}